{"id":1584,"date":"2026-01-29T19:16:35","date_gmt":"2026-01-29T19:16:35","guid":{"rendered":"https:\/\/newccndr.wpenginepowered.com\/qui-nous-sommes\/our-people\/"},"modified":"2026-04-01T18:25:48","modified_gmt":"2026-04-01T18:25:48","slug":"notre-equipe","status":"publish","type":"page","link":"https:\/\/ccndr.ca\/fr\/qui-nous-sommes\/notre-equipe\/","title":{"rendered":"Notre \u00e9quipe"},"content":{"rendered":"<p>[et_pb_section fb_built=\u00a0\u00bb1&Prime; _builder_version=\u00a0\u00bb4.27.4&Prime; _module_preset=\u00a0\u00bb4109451b-8d81-4abc-95de-1af6acef0a4a\u00a0\u00bb global_colors_info=\u00a0\u00bb{}\u00a0\u00bb][et_pb_row _builder_version=\u00a0\u00bb4.27.4&Prime; _module_preset=\u00a0\u00bb2f8fa3d7-1a0e-4fde-9d0e-86dacd53691c\u00a0\u00bb width=\u00a0\u00bb100%\u00a0\u00bb max_width=\u00a0\u00bb100%\u00a0\u00bb module_alignment_tablet=\u00a0\u00bbcenter\u00a0\u00bb module_alignment_phone=\u00a0\u00bbcenter\u00a0\u00bb module_alignment_last_edited=\u00a0\u00bbon|tablet\u00a0\u00bb global_colors_info=\u00a0\u00bb{}\u00a0\u00bb custom_css_main_element_last_edited=\u00a0\u00bbon|phone\u00a0\u00bb custom_css_main_element_phone=\u00a0\u00bbdisplay: flex;||flex-wrap: wrap;\u00a0\u00bb][et_pb_column type=\u00a0\u00bb4_4&Prime; module_class=\u00a0\u00bbinline-buttons\u00a0\u00bb _builder_version=\u00a0\u00bb4.27.4&Prime; _module_preset=\u00a0\u00bbdefault\u00a0\u00bb custom_padding_tablet=\u00a0\u00bb||||false|false\u00a0\u00bb custom_padding_phone=\u00a0\u00bb|||0px|false|false\u00a0\u00bb custom_padding_last_edited=\u00a0\u00bbon|tablet\u00a0\u00bb custom_css_main_element=\u00a0\u00bbmargin: auto;\u00a0\u00bb global_colors_info=\u00a0\u00bb{}\u00a0\u00bb custom_css_main_element_last_edited=\u00a0\u00bbon|tablet\u00a0\u00bb custom_css_main_element_tablet=\u00a0\u00bbwidth: 50%\u00a0\u00bb custom_css_main_element_phone=\u00a0\u00bborder: 2&Prime;][et_pb_code _builder_version=\u00a0\u00bb4.27.4&Prime; _module_preset=\u00a0\u00bbdefault\u00a0\u00bb text_orientation=\u00a0\u00bbcenter\u00a0\u00bb module_alignment=\u00a0\u00bbcenter\u00a0\u00bb custom_margin=\u00a0\u00bb||20px||false|false\u00a0\u00bb global_colors_info=\u00a0\u00bb{}\u00a0\u00bb]<\/p>\n<nav aria-label=\"Breadcrumb\"><!-- [et_pb_line_break_holder] -->  <span><span><a href=\"https:\/\/ccndr.ca\/fr\/\">Home<\/a><\/span><\/span><!-- [et_pb_line_break_holder] --><\/nav>\n<p>[\/et_pb_code][et_pb_heading title=\u00a0\u00bb@ET-DC@eyJkeW5hbWljIjp0cnVlLCJjb250ZW50IjoicG9zdF90aXRsZSIsInNldHRpbmdzIjp7ImJlZm9yZSI6IiIsImFmdGVyIjoiIn19@\u00a0\u00bb _builder_version=\u00a0\u00bb4.27.4&Prime; _dynamic_attributes=\u00a0\u00bbtitle\u00a0\u00bb _module_preset=\u00a0\u00bb21a88392-a3ca-4d22-9b19-0ce7765559d1&Prime; title_text_align=\u00a0\u00bbcenter\u00a0\u00bb module_alignment=\u00a0\u00bbcenter\u00a0\u00bb module_alignment_tablet=\u00a0\u00bbcenter\u00a0\u00bb module_alignment_phone=\u00a0\u00bbcenter\u00a0\u00bb module_alignment_last_edited=\u00a0\u00bbon|tablet\u00a0\u00bb global_colors_info=\u00a0\u00bb{}\u00a0\u00bb][\/et_pb_heading][\/et_pb_column][\/et_pb_row][et_pb_row custom_padding_last_edited=\u00a0\u00bbon|tablet\u00a0\u00bb _builder_version=\u00a0\u00bb4.27.4&Prime; _module_preset=\u00a0\u00bbdefault\u00a0\u00bb background_color=\u00a0\u00bb#4c2d61&Prime; width=\u00a0\u00bb85%\u00a0\u00bb width_tablet=\u00a0\u00bb95%\u00a0\u00bb width_phone=\u00a0\u00bb95%\u00a0\u00bb width_last_edited=\u00a0\u00bbon|phone\u00a0\u00bb module_alignment=\u00a0\u00bbcenter\u00a0\u00bb custom_padding=\u00a0\u00bb60px|5%|70px|5%|false|true\u00a0\u00bb custom_padding_tablet=\u00a0\u00bb50px||30px||false|false\u00a0\u00bb custom_padding_phone=\u00a0\u00bb25px|3%|35px|3%|false|true\u00a0\u00bb border_radii=\u00a0\u00bbon|20px|20px|20px|20px\u00a0\u00bb box_shadow_style=\u00a0\u00bbpreset1&Prime; box_shadow_color=\u00a0\u00bbrgba(43,32,51,0.25)\u00a0\u00bb global_colors_info=\u00a0\u00bb{}\u00a0\u00bb][et_pb_column type=\u00a0\u00bb4_4&Prime; _builder_version=\u00a0\u00bb4.27.4&Prime; _module_preset=\u00a0\u00bbdefault\u00a0\u00bb global_colors_info=\u00a0\u00bb{}\u00a0\u00bb][et_pb_text _builder_version=\u00a0\u00bb4.27.4&Prime; _module_preset=\u00a0\u00bb00179e3b-a3f6-4c41-8c2c-f242fc680eea\u00a0\u00bb header_2_text_align=\u00a0\u00bbcenter\u00a0\u00bb header_2_text_color=\u00a0\u00bb#ffffff\u00a0\u00bb width=\u00a0\u00bb75%\u00a0\u00bb width_tablet=\u00a0\u00bb100%\u00a0\u00bb width_phone=\u00a0\u00bb100%\u00a0\u00bb width_last_edited=\u00a0\u00bbon|tablet\u00a0\u00bb module_alignment=\u00a0\u00bbcenter\u00a0\u00bb custom_margin=\u00a0\u00bb20px||15px||false|false\u00a0\u00bb header_2_font_size_tablet=\u00a0\u00bb22px\u00a0\u00bb global_colors_info=\u00a0\u00bb{}\u00a0\u00bb]<\/p>\n<h2>Le travail du CCRNO est dirig\u00e9 par une petite \u00e9quipe centrale d\u00e9vou\u00e9e et soutenu par un conseil consultatif compos\u00e9 de leaders, de praticien.ne.s et d\u2019expert.e.s du secteur sans but lucratif provenant de partout au Canada.<\/h2>\n<p>[\/et_pb_text][et_pb_text _builder_version=\u00a0\u00bb4.27.4&Prime; _module_preset=\u00a0\u00bbc3e1c078-1641-4138-bc20-c0641109e80a\u00a0\u00bb text_text_color=\u00a0\u00bb#fffcfc\u00a0\u00bb text_orientation=\u00a0\u00bbcenter\u00a0\u00bb width=\u00a0\u00bb84%\u00a0\u00bb width_tablet=\u00a0\u00bb100%\u00a0\u00bb width_phone=\u00a0\u00bb100%\u00a0\u00bb width_last_edited=\u00a0\u00bbon|tablet\u00a0\u00bb module_alignment=\u00a0\u00bbcenter\u00a0\u00bb text_font_size_tablet=\u00a0\u00bb19px\u00a0\u00bb text_font_size_phone=\u00a0\u00bb19px\u00a0\u00bb text_font_size_last_edited=\u00a0\u00bbon|tablet\u00a0\u00bb text_line_height_tablet=\u00a0\u00bb1.3em\u00a0\u00bb text_line_height_phone=\u00a0\u00bb1.3em\u00a0\u00bb text_line_height_last_edited=\u00a0\u00bbon|tablet\u00a0\u00bb global_colors_info=\u00a0\u00bb{}\u00a0\u00bb]<\/p>\n<p>L\u2019\u00e9quipe centrale assure le leadership, la coordination et l\u2019orientation strat\u00e9gique de nos travaux \u00e0 l\u2019\u00e9chelle nationale. Le conseil consultatif offre des perspectives sectorielles \u00e9clair\u00e9es, veillant \u00e0 ce que notre approche demeure ancr\u00e9e dans l\u2019exp\u00e9rience v\u00e9cue des OBNL et r\u00e9ponde aux d\u00e9fis \u00e9mergents.<\/p>\n<p>Nous collaborons avec des bailleurs de fonds et des organisations sectorielles afin d\u2019assurer l\u2019alignement, la coordination et l\u2019accessibilit\u00e9 de notre travail pour les OBNL et les groupes communautaires \u00e0 travers le pays.<\/p>\n<p>[\/et_pb_text][\/et_pb_column][\/et_pb_row][\/et_pb_section][et_pb_section fb_built=\u00a0\u00bb1&Prime; custom_padding_last_edited=\u00a0\u00bbon|phone\u00a0\u00bb module_id=\u00a0\u00bbequipe\u00a0\u00bb _builder_version=\u00a0\u00bb4.27.4&Prime; _module_preset=\u00a0\u00bbdefault\u00a0\u00bb background_color=\u00a0\u00bbRGBA(255,255,255,0)\u00a0\u00bb custom_padding=\u00a0\u00bb||0px||false|false\u00a0\u00bb custom_padding_tablet=\u00a0\u00bb\u00a0\u00bb custom_padding_phone=\u00a0\u00bb||10px||false|false\u00a0\u00bb hover_enabled=\u00a0\u00bb0&Prime; global_colors_info=\u00a0\u00bb{}\u00a0\u00bb sticky_enabled=\u00a0\u00bb0&Prime;][et_pb_row _builder_version=\u00a0\u00bb4.27.4&Prime; _module_preset=\u00a0\u00bbdefault\u00a0\u00bb width=\u00a0\u00bb85%\u00a0\u00bb width_tablet=\u00a0\u00bb85%\u00a0\u00bb width_phone=\u00a0\u00bb90%\u00a0\u00bb width_last_edited=\u00a0\u00bbon|phone\u00a0\u00bb custom_padding=\u00a0\u00bb0px||0px||true|false\u00a0\u00bb global_colors_info=\u00a0\u00bb{}\u00a0\u00bb][et_pb_column type=\u00a0\u00bb4_4&Prime; _builder_version=\u00a0\u00bb4.27.4&Prime; _module_preset=\u00a0\u00bbdefault\u00a0\u00bb global_colors_info=\u00a0\u00bb{}\u00a0\u00bb][dipi_advanced_tabs use_tabs_fullwidth_phone=\u00a0\u00bboff\u00a0\u00bb tabs_min_width_phone=\u00a0\u00bb100%\u00a0\u00bb tabs_max_width_phone=\u00a0\u00bb500px\u00a0\u00bb tabs_container_padding=\u00a0\u00bb0px|0px|0px|0px|true|true\u00a0\u00bb tabs_container_margin=\u00a0\u00bb0px|0px|20px|0px|false|true\u00a0\u00bb tabs_item_padding=\u00a0\u00bb15px|30px|15px|30px|true|true\u00a0\u00bb tabs_item_margin=\u00a0\u00bb0px|0px|0px|0px|false|false\u00a0\u00bb tabs_active_item_padding=\u00a0\u00bb15px|30px|15px|30px|true|true\u00a0\u00bb tabs_active_item_margin=\u00a0\u00bb0px||0px|0px|false|false\u00a0\u00bb content_padding=\u00a0\u00bb0px|0px|0px|0px|true|true\u00a0\u00bb content_margin=\u00a0\u00bb0px|0px|0px|0px|true|true\u00a0\u00bb content_bg_color=\u00a0\u00bbrgba(255,255,255,0)\u00a0\u00bb tabs_bg_color=\u00a0\u00bbRGBA(255,255,255,0)\u00a0\u00bb tabs_item_bg_color=\u00a0\u00bbRGBA(255,255,255,0)\u00a0\u00bb tabs_item_active_bg_color=\u00a0\u00bb#4C2D61&Prime; tabs_container_margin_tablet=\u00a0\u00bb0px|0px|20px|0px|false|true\u00a0\u00bb tabs_container_margin_phone=\u00a0\u00bb||0px||false|true\u00a0\u00bb tabs_container_margin_last_edited=\u00a0\u00bbon|phone\u00a0\u00bb _builder_version=\u00a0\u00bb4.27.4&Prime; _module_preset=\u00a0\u00bbdefault\u00a0\u00bb title_font=\u00a0\u00bb&#8211;et_global_heading_font|700|||||||\u00a0\u00bb title_text_color=\u00a0\u00bb#4C2D61&Prime; title_font_size=\u00a0\u00bb32px\u00a0\u00bb title_active_text_color=\u00a0\u00bb#ffffff\u00a0\u00bb background_color=\u00a0\u00bbRGBA(255,255,255,0)\u00a0\u00bb border_radii_tabs_item=\u00a0\u00bbon|50px|50px|50px|50px\u00a0\u00bb border_width_all_tabs_item=\u00a0\u00bb1px\u00a0\u00bb border_color_all_tabs_item=\u00a0\u00bb#4C2D61&Prime; border_radii_tabs_item_active=\u00a0\u00bbon|50px|50px|50px|50px\u00a0\u00bb border_width_all_tabs_item_active=\u00a0\u00bb1px\u00a0\u00bb border_color_all_tabs_item_active=\u00a0\u00bb#4C2D61&Prime; global_colors_info=\u00a0\u00bb{}\u00a0\u00bb tabs_item_bg_color__hover_enabled=\u00a0\u00bbon|hover\u00a0\u00bb tabs_item_bg_color__hover=\u00a0\u00bb#EE852D\u00a0\u00bb tabs_item_bg_enable_color__hover=\u00a0\u00bbon\u00a0\u00bb border_color_all_tabs_item__hover_enabled=\u00a0\u00bbon|hover\u00a0\u00bb border_color_all_tabs_item__hover=\u00a0\u00bb#EE852D\u00a0\u00bb title_text_color__hover_enabled=\u00a0\u00bbon|hover\u00a0\u00bb title_text_color__hover=\u00a0\u00bb#ffffff\u00a0\u00bb][dipi_advanced_tabs_item title=\u00a0\u00bb\u00c9quipe centrale\u00a0\u00bb is_default_tab=\u00a0\u00bbon\u00a0\u00bb use_library_content=\u00a0\u00bbon\u00a0\u00bb divi_library=\u00a0\u00bb1586&Prime; admin_label=\u00a0\u00bb\u00c9quipe centrale\u00a0\u00bb _builder_version=\u00a0\u00bb4.27.4&Prime; _module_preset=\u00a0\u00bbdefault\u00a0\u00bb background_color=\u00a0\u00bbRGBA(255,255,255,0)\u00a0\u00bb background_enable_color=\u00a0\u00bbon\u00a0\u00bb custom_margin=\u00a0\u00bb||||false|false\u00a0\u00bb custom_margin_tablet=\u00a0\u00bb||||false|false\u00a0\u00bb custom_margin_phone=\u00a0\u00bb||||false|false\u00a0\u00bb custom_margin_last_edited=\u00a0\u00bbon|phone\u00a0\u00bb custom_css_normal_tab=\u00a0\u00bbmargin-right: 20px!important;\u00a0\u00bb custom_css_active_tab=\u00a0\u00bbmargin-right: 20px!important;\u00a0\u00bb global_colors_info=\u00a0\u00bb{}\u00a0\u00bb custom_css_normal_tab_last_edited=\u00a0\u00bbon|phone\u00a0\u00bb custom_css_normal_tab_phone=\u00a0\u00bbmargin-bottom: 20px!important;\u00a0\u00bb custom_css_active_tab_last_edited=\u00a0\u00bbon|phone\u00a0\u00bb custom_css_active_tab_phone=\u00a0\u00bbmargin-bottom: 20px!important;\u00a0\u00bb custom_css_normal_tab_tablet=\u00a0\u00bbmargin-right: 20px!important;\u00a0\u00bb custom_css_active_tab_tablet=\u00a0\u00bbmargin-right: 20px!important;\u00a0\u00bb][\/dipi_advanced_tabs_item][dipi_advanced_tabs_item title=\u00a0\u00bbConseil consultatif\u00a0\u00bb is_default_tab=\u00a0\u00bbon\u00a0\u00bb use_library_content=\u00a0\u00bbon\u00a0\u00bb divi_library=\u00a0\u00bb1009&Prime; admin_label=\u00a0\u00bbConseil consultatif\u00a0\u00bb _builder_version=\u00a0\u00bb4.27.4&Prime; _module_preset=\u00a0\u00bbdefault\u00a0\u00bb custom_margin=\u00a0\u00bb||||false|false\u00a0\u00bb global_colors_info=\u00a0\u00bb{}\u00a0\u00bb][\/dipi_advanced_tabs_item][\/dipi_advanced_tabs][\/et_pb_column][\/et_pb_row][\/et_pb_section][et_pb_section fb_built=\u00a0\u00bb1&Prime; custom_padding_last_edited=\u00a0\u00bbon|phone\u00a0\u00bb _builder_version=\u00a0\u00bb4.27.4&Prime; _module_preset=\u00a0\u00bbdefault\u00a0\u00bb background_color=\u00a0\u00bbRGBA(255,255,255,0)\u00a0\u00bb custom_padding=\u00a0\u00bb||10px||false|false\u00a0\u00bb custom_padding_tablet=\u00a0\u00bb||10px||false|false\u00a0\u00bb custom_padding_phone=\u00a0\u00bb0px||10px||false|false\u00a0\u00bb global_module=\u00a0\u00bb1506&Prime; saved_tabs=\u00a0\u00bball\u00a0\u00bb global_colors_info=\u00a0\u00bb{}\u00a0\u00bb][et_pb_row custom_padding_last_edited=\u00a0\u00bbon|phone\u00a0\u00bb module_id=\u00a0\u00bbsubscribe\u00a0\u00bb _builder_version=\u00a0\u00bb4.27.4&Prime; _module_preset=\u00a0\u00bbdefault\u00a0\u00bb background_color=\u00a0\u00bb#4C2D61&Prime; background_image=\u00a0\u00bbhttps:\/\/ccndr.ca\/wp-content\/uploads\/2026\/01\/CCNDR_Icon_Newsletter.png\u00a0\u00bb background_size=\u00a0\u00bbcustom\u00a0\u00bb background_image_width=\u00a0\u00bb30%\u00a0\u00bb background_position=\u00a0\u00bbcenter_right\u00a0\u00bb background_horizontal_offset=\u00a0\u00bb2%\u00a0\u00bb width=\u00a0\u00bb90%\u00a0\u00bb custom_padding=\u00a0\u00bb50px|40px|50px|40px|false|true\u00a0\u00bb custom_padding_tablet=\u00a0\u00bb50px|40px|20px|40px|false|true\u00a0\u00bb custom_padding_phone=\u00a0\u00bb30px|30px|30px|30px|true|true\u00a0\u00bb border_radii=\u00a0\u00bbon|20px|20px|20px|20px\u00a0\u00bb border_width_all=\u00a0\u00bb1px\u00a0\u00bb border_color_all=\u00a0\u00bbrgba(43,32,51,0.19)\u00a0\u00bb box_shadow_style=\u00a0\u00bbpreset1&Prime; box_shadow_blur=\u00a0\u00bb10px\u00a0\u00bb box_shadow_color=\u00a0\u00bbrgba(43,32,51,0.1)\u00a0\u00bb global_colors_info=\u00a0\u00bb{}\u00a0\u00bb][et_pb_column type=\u00a0\u00bb4_4&Prime; _builder_version=\u00a0\u00bb4.27.4&Prime; _module_preset=\u00a0\u00bbdefault\u00a0\u00bb global_colors_info=\u00a0\u00bb{}\u00a0\u00bb][et_pb_heading title=\u00a0\u00bbJoignez-vous \u00e0 la communaut\u00e9\u00a0\u00bb module_class=\u00a0\u00bb \u00a0\u00bb _builder_version=\u00a0\u00bb4.27.4&Prime; _module_preset=\u00a0\u00bbf448caaf-95f1-47c4-a01e-eb5d754b9e70&Prime; title_text_align=\u00a0\u00bbleft\u00a0\u00bb global_colors_info=\u00a0\u00bb{}\u00a0\u00bb][\/et_pb_heading][et_pb_signup mailchimp_list=\u00a0\u00bbSND &#8211; for testing|0d317f999d\u00a0\u00bb first_name_field=\u00a0\u00bboff\u00a0\u00bb last_name_field=\u00a0\u00bboff\u00a0\u00bb title=\u00a0\u00bbFaites partie d\u2019un mouvement croissant d\u2019OBNL qui adoptent le changement num\u00e9rique.\u00a0\u00bb description=\u00a0\u00bb<\/p>\n<p>Inscrivez-vous \u00e0 notre infolettre \u00ab Le Centre \u00bb pour recevoir des histoires, des ressources et des perspectives sectorielles directement dans votre bo\u00eete de r\u00e9ception.<br \/>\n\u00a0\u00bb _builder_version=\u00a0\u00bb4.27.4&Prime; _module_preset=\u00a0\u00bbdefault\u00a0\u00bb form_field_text_color=\u00a0\u00bb#2B2033&Prime; form_field_focus_text_color=\u00a0\u00bb#4C2D61&Prime; header_level=\u00a0\u00bbh3&Prime; header_font=\u00a0\u00bb|600|||||||\u00a0\u00bb header_text_color=\u00a0\u00bb#ffffff\u00a0\u00bb header_font_size=\u00a0\u00bb24px\u00a0\u00bb header_line_height=\u00a0\u00bb1.2em\u00a0\u00bb body_font=\u00a0\u00bb||||||||\u00a0\u00bb body_text_color=\u00a0\u00bb#ffffff\u00a0\u00bb background_enable_color=\u00a0\u00bboff\u00a0\u00bb use_focus_border_color=\u00a0\u00bbon\u00a0\u00bb custom_button=\u00a0\u00bbon\u00a0\u00bb button_text_size=\u00a0\u00bb20px\u00a0\u00bb button_text_color=\u00a0\u00bb#ffffff\u00a0\u00bb button_bg_color=\u00a0\u00bb#EE852D\u00a0\u00bb button_bg_use_color_gradient=\u00a0\u00bbon\u00a0\u00bb button_bg_color_gradient_stops=\u00a0\u00bb#ee852d 0%|#df6e26 100%\u00a0\u00bb button_border_width=\u00a0\u00bb0px\u00a0\u00bb button_border_radius=\u00a0\u00bb50px\u00a0\u00bb button_font=\u00a0\u00bb&#8211;et_global_heading_font||||||||\u00a0\u00bb button_use_icon=\u00a0\u00bboff\u00a0\u00bb button_custom_padding=\u00a0\u00bb8px||8px||true|false\u00a0\u00bb background_layout=\u00a0\u00bblight\u00a0\u00bb custom_padding=\u00a0\u00bb0px|0px|0px|0px|true|true\u00a0\u00bb custom_padding_tablet=\u00a0\u00bb0px|0px|0px|0px|true|true\u00a0\u00bb custom_padding_phone=\u00a0\u00bb0px|0px|0px|0px|true|true\u00a0\u00bb custom_padding_last_edited=\u00a0\u00bbon|tablet\u00a0\u00bb header_font_size_tablet=\u00a0\u00bb23px\u00a0\u00bb header_font_size_phone=\u00a0\u00bb24px\u00a0\u00bb header_font_size_last_edited=\u00a0\u00bbon|phone\u00a0\u00bb header_line_height_tablet=\u00a0\u00bb1.1em\u00a0\u00bb header_line_height_phone=\u00a0\u00bb1em\u00a0\u00bb header_line_height_last_edited=\u00a0\u00bbon|phone\u00a0\u00bb custom_css_newsletter_title=\u00a0\u00bbpadding-bottom: 10px!important;\u00a0\u00bb border_radii_fields=\u00a0\u00bbon|50px|50px|50px|50px\u00a0\u00bb border_color_all_fields=\u00a0\u00bbRGBA(255,255,255,0)\u00a0\u00bb border_radii_fields_focus=\u00a0\u00bbon|50px|50px|50px|50px\u00a0\u00bb border_width_all_fields_focus=\u00a0\u00bb1px\u00a0\u00bb border_color_all_fields_focus=\u00a0\u00bb#8851A1&Prime; global_colors_info=\u00a0\u00bb{}\u00a0\u00bb button_bg_color__hover_enabled=\u00a0\u00bbon|hover\u00a0\u00bb button_bg_color__hover=\u00a0\u00bb#8851A1&Prime; button_bg_enable_color__hover=\u00a0\u00bbon\u00a0\u00bb][et_pb_signup_custom_field field_id=\u00a0\u00bbField_1&Prime; _builder_version=\u00a0\u00bb4.27.4&Prime; _module_preset=\u00a0\u00bbdefault\u00a0\u00bb global_colors_info=\u00a0\u00bb{}\u00a0\u00bb][\/et_pb_signup_custom_field][\/et_pb_signup][\/et_pb_column][\/et_pb_row][\/et_pb_section]<\/p>\n","protected":false},"excerpt":{"rendered":"<p><span><span><a href=\"https:\/\/ccndr.ca\/fr\/\">Home<\/a><\/span><\/span>Le travail du CCRNO est dirig\u00e9 par une petite \u00e9quipe centrale d\u00e9vou\u00e9e et soutenu par un conseil consultatif compos\u00e9 de leaders, de praticien.ne.s et d\u2019expert.e.s du secteur sans but lucratif provenant de partout au Canada.L\u2019\u00e9quipe centrale assure le leadership, la coordination et l\u2019orientation strat\u00e9gique de nos travaux \u00e0 l\u2019\u00e9chelle nationale. Le conseil consultatif offre des [&hellip;]<\/p>\n","protected":false},"author":2,"featured_media":1376,"parent":1574,"menu_order":0,"comment_status":"closed","ping_status":"closed","template":"","meta":{"_et_pb_use_builder":"on","_et_pb_old_content":"","_et_gb_content_width":"","footnotes":""},"class_list":["post-1584","page","type-page","status-publish","has-post-thumbnail","hentry"],"yoast_head":"<!-- This site is optimized with the Yoast SEO plugin v27.3 - https:\/\/yoast.com\/product\/yoast-seo-wordpress\/ -->\n<title>Notre \u00e9quipe | Canadian Centre for Nonprofit Digital Resilience<\/title>\n<meta name=\"description\" content=\"Meet the core team and advisory council guiding CCNDR\u2019s work to strengthen nonprofit digital resilience through community-informed leadership and national collaboration.\" \/>\n<meta name=\"robots\" content=\"noindex, follow, max-snippet:-1, max-image-preview:large, max-video-preview:-1\" \/>\n<meta property=\"og:locale\" content=\"fr_FR\" \/>\n<meta property=\"og:type\" content=\"article\" \/>\n<meta property=\"og:title\" content=\"Notre \u00e9quipe | Canadian Centre for Nonprofit Digital Resilience\" \/>\n<meta property=\"og:description\" content=\"Meet the core team and advisory council guiding CCNDR\u2019s work to strengthen nonprofit digital resilience through community-informed leadership and national collaboration.\" \/>\n<meta property=\"og:url\" content=\"https:\/\/ccndr.ca\/fr\/qui-nous-sommes\/notre-equipe\/\" \/>\n<meta property=\"og:site_name\" content=\"Canadian Centre for Nonprofit Digital Resilience\" \/>\n<meta property=\"article:modified_time\" content=\"2026-04-01T18:25:48+00:00\" \/>\n<meta property=\"og:image\" content=\"https:\/\/ccndr.ca\/wp-content\/uploads\/2026\/01\/Wilfreda-Edward.png\" \/>\n\t<meta property=\"og:image:width\" content=\"800\" \/>\n\t<meta property=\"og:image:height\" content=\"800\" \/>\n\t<meta property=\"og:image:type\" content=\"image\/png\" \/>\n<meta name=\"twitter:card\" content=\"summary_large_image\" \/>\n<meta name=\"twitter:label1\" content=\"Dur\u00e9e de lecture estim\u00e9e\" \/>\n\t<meta name=\"twitter:data1\" content=\"5 minutes\" \/>\n<script type=\"application\/ld+json\" class=\"yoast-schema-graph\">{\"@context\":\"https:\\\/\\\/schema.org\",\"@graph\":[{\"@type\":\"WebPage\",\"@id\":\"https:\\\/\\\/ccndr.ca\\\/fr\\\/qui-nous-sommes\\\/notre-equipe\\\/\",\"url\":\"https:\\\/\\\/ccndr.ca\\\/fr\\\/qui-nous-sommes\\\/notre-equipe\\\/\",\"name\":\"Notre \u00e9quipe | Canadian Centre for Nonprofit Digital Resilience\",\"isPartOf\":{\"@id\":\"https:\\\/\\\/ccndr.ca\\\/fr\\\/#website\"},\"primaryImageOfPage\":{\"@id\":\"https:\\\/\\\/ccndr.ca\\\/fr\\\/qui-nous-sommes\\\/notre-equipe\\\/#primaryimage\"},\"image\":{\"@id\":\"https:\\\/\\\/ccndr.ca\\\/fr\\\/qui-nous-sommes\\\/notre-equipe\\\/#primaryimage\"},\"thumbnailUrl\":\"https:\\\/\\\/ccndr.ca\\\/wp-content\\\/uploads\\\/2026\\\/01\\\/Wilfreda-Edward.png\",\"datePublished\":\"2026-01-29T19:16:35+00:00\",\"dateModified\":\"2026-04-01T18:25:48+00:00\",\"description\":\"Meet the core team and advisory council guiding CCNDR\u2019s work to strengthen nonprofit digital resilience through community-informed leadership and national collaboration.\",\"breadcrumb\":{\"@id\":\"https:\\\/\\\/ccndr.ca\\\/fr\\\/qui-nous-sommes\\\/notre-equipe\\\/#breadcrumb\"},\"inLanguage\":\"fr-FR\",\"potentialAction\":[{\"@type\":\"ReadAction\",\"target\":[\"https:\\\/\\\/ccndr.ca\\\/fr\\\/qui-nous-sommes\\\/notre-equipe\\\/\"]}]},{\"@type\":\"ImageObject\",\"inLanguage\":\"fr-FR\",\"@id\":\"https:\\\/\\\/ccndr.ca\\\/fr\\\/qui-nous-sommes\\\/notre-equipe\\\/#primaryimage\",\"url\":\"https:\\\/\\\/ccndr.ca\\\/wp-content\\\/uploads\\\/2026\\\/01\\\/Wilfreda-Edward.png\",\"contentUrl\":\"https:\\\/\\\/ccndr.ca\\\/wp-content\\\/uploads\\\/2026\\\/01\\\/Wilfreda-Edward.png\",\"width\":800,\"height\":800,\"caption\":\"Wilfreda Edward | Executive Director\"},{\"@type\":\"BreadcrumbList\",\"@id\":\"https:\\\/\\\/ccndr.ca\\\/fr\\\/qui-nous-sommes\\\/notre-equipe\\\/#breadcrumb\",\"itemListElement\":[{\"@type\":\"ListItem\",\"position\":1,\"name\":\"Home\",\"item\":\"https:\\\/\\\/ccndr.ca\\\/fr\\\/\"},{\"@type\":\"ListItem\",\"position\":2,\"name\":\"Qui nous sommes\",\"item\":\"https:\\\/\\\/ccndr.ca\\\/fr\\\/qui-nous-sommes\\\/\"},{\"@type\":\"ListItem\",\"position\":3,\"name\":\"Notre \u00e9quipe\"}]},{\"@type\":\"WebSite\",\"@id\":\"https:\\\/\\\/ccndr.ca\\\/fr\\\/#website\",\"url\":\"https:\\\/\\\/ccndr.ca\\\/fr\\\/\",\"name\":\"Canadian Centre for Nonprofit Digital Resilience\",\"description\":\"Helping nonprofits use data and tech to strengthen their missions and community impact.\",\"alternateName\":\"CCNDR\",\"potentialAction\":[{\"@type\":\"SearchAction\",\"target\":{\"@type\":\"EntryPoint\",\"urlTemplate\":\"https:\\\/\\\/ccndr.ca\\\/fr\\\/?s={search_term_string}\"},\"query-input\":{\"@type\":\"PropertyValueSpecification\",\"valueRequired\":true,\"valueName\":\"search_term_string\"}}],\"inLanguage\":\"fr-FR\"}]}<\/script>\n<!-- \/ Yoast SEO plugin. -->","yoast_head_json":{"title":"Notre \u00e9quipe | Canadian Centre for Nonprofit Digital Resilience","description":"Meet the core team and advisory council guiding CCNDR\u2019s work to strengthen nonprofit digital resilience through community-informed leadership and national collaboration.","robots":{"index":"noindex","follow":"follow","max-snippet":"max-snippet:-1","max-image-preview":"max-image-preview:large","max-video-preview":"max-video-preview:-1"},"og_locale":"fr_FR","og_type":"article","og_title":"Notre \u00e9quipe | Canadian Centre for Nonprofit Digital Resilience","og_description":"Meet the core team and advisory council guiding CCNDR\u2019s work to strengthen nonprofit digital resilience through community-informed leadership and national collaboration.","og_url":"https:\/\/ccndr.ca\/fr\/qui-nous-sommes\/notre-equipe\/","og_site_name":"Canadian Centre for Nonprofit Digital Resilience","article_modified_time":"2026-04-01T18:25:48+00:00","og_image":[{"width":800,"height":800,"url":"https:\/\/ccndr.ca\/wp-content\/uploads\/2026\/01\/Wilfreda-Edward.png","type":"image\/png"}],"twitter_card":"summary_large_image","twitter_misc":{"Dur\u00e9e de lecture estim\u00e9e":"5 minutes"},"schema":{"@context":"https:\/\/schema.org","@graph":[{"@type":"WebPage","@id":"https:\/\/ccndr.ca\/fr\/qui-nous-sommes\/notre-equipe\/","url":"https:\/\/ccndr.ca\/fr\/qui-nous-sommes\/notre-equipe\/","name":"Notre \u00e9quipe | Canadian Centre for Nonprofit Digital Resilience","isPartOf":{"@id":"https:\/\/ccndr.ca\/fr\/#website"},"primaryImageOfPage":{"@id":"https:\/\/ccndr.ca\/fr\/qui-nous-sommes\/notre-equipe\/#primaryimage"},"image":{"@id":"https:\/\/ccndr.ca\/fr\/qui-nous-sommes\/notre-equipe\/#primaryimage"},"thumbnailUrl":"https:\/\/ccndr.ca\/wp-content\/uploads\/2026\/01\/Wilfreda-Edward.png","datePublished":"2026-01-29T19:16:35+00:00","dateModified":"2026-04-01T18:25:48+00:00","description":"Meet the core team and advisory council guiding CCNDR\u2019s work to strengthen nonprofit digital resilience through community-informed leadership and national collaboration.","breadcrumb":{"@id":"https:\/\/ccndr.ca\/fr\/qui-nous-sommes\/notre-equipe\/#breadcrumb"},"inLanguage":"fr-FR","potentialAction":[{"@type":"ReadAction","target":["https:\/\/ccndr.ca\/fr\/qui-nous-sommes\/notre-equipe\/"]}]},{"@type":"ImageObject","inLanguage":"fr-FR","@id":"https:\/\/ccndr.ca\/fr\/qui-nous-sommes\/notre-equipe\/#primaryimage","url":"https:\/\/ccndr.ca\/wp-content\/uploads\/2026\/01\/Wilfreda-Edward.png","contentUrl":"https:\/\/ccndr.ca\/wp-content\/uploads\/2026\/01\/Wilfreda-Edward.png","width":800,"height":800,"caption":"Wilfreda Edward | Executive Director"},{"@type":"BreadcrumbList","@id":"https:\/\/ccndr.ca\/fr\/qui-nous-sommes\/notre-equipe\/#breadcrumb","itemListElement":[{"@type":"ListItem","position":1,"name":"Home","item":"https:\/\/ccndr.ca\/fr\/"},{"@type":"ListItem","position":2,"name":"Qui nous sommes","item":"https:\/\/ccndr.ca\/fr\/qui-nous-sommes\/"},{"@type":"ListItem","position":3,"name":"Notre \u00e9quipe"}]},{"@type":"WebSite","@id":"https:\/\/ccndr.ca\/fr\/#website","url":"https:\/\/ccndr.ca\/fr\/","name":"Canadian Centre for Nonprofit Digital Resilience","description":"Helping nonprofits use data and tech to strengthen their missions and community impact.","alternateName":"CCNDR","potentialAction":[{"@type":"SearchAction","target":{"@type":"EntryPoint","urlTemplate":"https:\/\/ccndr.ca\/fr\/?s={search_term_string}"},"query-input":{"@type":"PropertyValueSpecification","valueRequired":true,"valueName":"search_term_string"}}],"inLanguage":"fr-FR"}]}},"_links":{"self":[{"href":"https:\/\/ccndr.ca\/fr\/wp-json\/wp\/v2\/pages\/1584","targetHints":{"allow":["GET"]}}],"collection":[{"href":"https:\/\/ccndr.ca\/fr\/wp-json\/wp\/v2\/pages"}],"about":[{"href":"https:\/\/ccndr.ca\/fr\/wp-json\/wp\/v2\/types\/page"}],"author":[{"embeddable":true,"href":"https:\/\/ccndr.ca\/fr\/wp-json\/wp\/v2\/users\/2"}],"replies":[{"embeddable":true,"href":"https:\/\/ccndr.ca\/fr\/wp-json\/wp\/v2\/comments?post=1584"}],"version-history":[{"count":0,"href":"https:\/\/ccndr.ca\/fr\/wp-json\/wp\/v2\/pages\/1584\/revisions"}],"up":[{"embeddable":true,"href":"https:\/\/ccndr.ca\/fr\/wp-json\/wp\/v2\/pages\/1574"}],"wp:featuredmedia":[{"embeddable":true,"href":"https:\/\/ccndr.ca\/fr\/wp-json\/wp\/v2\/media\/1376"}],"wp:attachment":[{"href":"https:\/\/ccndr.ca\/fr\/wp-json\/wp\/v2\/media?parent=1584"}],"curies":[{"name":"wp","href":"https:\/\/api.w.org\/{rel}","templated":true}]}}