{"id":1658,"date":"2026-03-13T19:47:50","date_gmt":"2026-03-13T19:47:50","guid":{"rendered":"https:\/\/newccndr.wpenginepowered.com\/faqs\/"},"modified":"2026-04-03T17:58:11","modified_gmt":"2026-04-03T17:58:11","slug":"questions","status":"publish","type":"page","link":"https:\/\/ccndr.ca\/fr\/questions\/","title":{"rendered":"Foire aux questions"},"content":{"rendered":"<p>[et_pb_section fb_built=\u00a0\u00bb1&Prime; _builder_version=\u00a0\u00bb4.27.4&Prime; _module_preset=\u00a0\u00bb4109451b-8d81-4abc-95de-1af6acef0a4a\u00a0\u00bb global_colors_info=\u00a0\u00bb{}\u00a0\u00bb][et_pb_row column_structure=\u00a0\u00bb3_5,2_5&Prime; _builder_version=\u00a0\u00bb4.27.4&Prime; _module_preset=\u00a0\u00bb2f8fa3d7-1a0e-4fde-9d0e-86dacd53691c\u00a0\u00bb custom_padding=\u00a0\u00bb8%||0px||false|false\u00a0\u00bb custom_padding_phone=\u00a0\u00bb0%||10px||false|false\u00a0\u00bb global_colors_info=\u00a0\u00bb{}\u00a0\u00bb custom_css_main_element_last_edited=\u00a0\u00bbon|phone\u00a0\u00bb custom_css_main_element_phone=\u00a0\u00bbdisplay: flex;||flex-wrap: wrap;\u00a0\u00bb][et_pb_column type=\u00a0\u00bb3_5&Prime; module_class=\u00a0\u00bbinline-buttons\u00a0\u00bb _builder_version=\u00a0\u00bb4.27.4&Prime; _module_preset=\u00a0\u00bbdefault\u00a0\u00bb custom_padding=\u00a0\u00bb|40px|||false|false\u00a0\u00bb custom_padding_tablet=\u00a0\u00bb|10px||20px|false|false\u00a0\u00bb custom_padding_phone=\u00a0\u00bb|0px||0px|false|false\u00a0\u00bb custom_padding_last_edited=\u00a0\u00bbon|tablet\u00a0\u00bb custom_css_main_element=\u00a0\u00bbmargin: auto;\u00a0\u00bb global_colors_info=\u00a0\u00bb{}\u00a0\u00bb custom_css_main_element_last_edited=\u00a0\u00bbon|tablet\u00a0\u00bb custom_css_main_element_tablet=\u00a0\u00bbwidth: 50%\u00a0\u00bb custom_css_main_element_phone=\u00a0\u00bborder: 2&Prime;][et_pb_code _builder_version=\u00a0\u00bb4.27.4&Prime; _module_preset=\u00a0\u00bbdefault\u00a0\u00bb custom_margin=\u00a0\u00bb||20px||false|false\u00a0\u00bb global_colors_info=\u00a0\u00bb{}\u00a0\u00bb]<\/p>\n<nav aria-label=\"Breadcrumb\"><!-- [et_pb_line_break_holder] -->  <span><span><a href=\"https:\/\/ccndr.ca\/fr\/\">Home<\/a><\/span><\/span><!-- [et_pb_line_break_holder] --><\/nav>\n<p>[\/et_pb_code][et_pb_heading title=\u00a0\u00bb@ET-DC@eyJkeW5hbWljIjp0cnVlLCJjb250ZW50IjoicG9zdF90aXRsZSIsInNldHRpbmdzIjp7ImJlZm9yZSI6IiIsImFmdGVyIjoiIn19@\u00a0\u00bb _builder_version=\u00a0\u00bb4.27.4&Prime; _dynamic_attributes=\u00a0\u00bbtitle\u00a0\u00bb _module_preset=\u00a0\u00bb21a88392-a3ca-4d22-9b19-0ce7765559d1&Prime; global_colors_info=\u00a0\u00bb{}\u00a0\u00bb][\/et_pb_heading][et_pb_text _builder_version=\u00a0\u00bb4.27.4&Prime; _module_preset=\u00a0\u00bb00179e3b-a3f6-4c41-8c2c-f242fc680eea\u00a0\u00bb global_colors_info=\u00a0\u00bb{}\u00a0\u00bb]<\/p>\n<h2>Cette page r\u00e9pond aux questions fr\u00e9quentes sur le CCNDR, notre travail et les id\u00e9es qui le guident. Consultez la foire aux questions ci-dessous pour en apprendre davantage sur notre approche de la r\u00e9silience num\u00e9rique, de la collaboration et du soutien au secteur sans but lucratif.<\/h2>\n<p>[\/et_pb_text][\/et_pb_column][et_pb_column type=\u00a0\u00bb2_5&Prime; module_class=\u00a0\u00bbinline-buttons\u00a0\u00bb _builder_version=\u00a0\u00bb4.27.4&Prime; _module_preset=\u00a0\u00bbdefault\u00a0\u00bb custom_padding=\u00a0\u00bb|||2%|false|false\u00a0\u00bb custom_padding_tablet=\u00a0\u00bb|||20px|false|false\u00a0\u00bb custom_padding_phone=\u00a0\u00bb|||0px|false|false\u00a0\u00bb custom_padding_last_edited=\u00a0\u00bbon|tablet\u00a0\u00bb custom_css_main_element=\u00a0\u00bbmargin: auto;\u00a0\u00bb global_colors_info=\u00a0\u00bb{}\u00a0\u00bb custom_css_main_element_last_edited=\u00a0\u00bbon|tablet\u00a0\u00bb custom_css_main_element_tablet=\u00a0\u00bbwidth: 50%\u00a0\u00bb custom_css_main_element_phone=\u00a0\u00bborder: 2&Prime;][et_pb_image src=\u00a0\u00bbhttps:\/\/ccndr.ca\/wp-content\/uploads\/2026\/03\/Graphic_TwoPeople_Computer.webp\u00a0\u00bb alt=\u00a0\u00bbLe Centre canadien pour la r\u00e9silience num\u00e9rique des OBNL (CCRNO)\u00a0\u00bb _builder_version=\u00a0\u00bb4.27.4&Prime; _module_preset=\u00a0\u00bbdefault\u00a0\u00bb custom_margin_tablet=\u00a0\u00bb\u00a0\u00bb custom_margin_phone=\u00a0\u00bb20px||20px||false|false\u00a0\u00bb custom_margin_last_edited=\u00a0\u00bbon|phone\u00a0\u00bb hover_enabled=\u00a0\u00bb0&Prime; border_color_all=\u00a0\u00bbrgba(43,32,51,0.27)\u00a0\u00bb global_colors_info=\u00a0\u00bb{}\u00a0\u00bb sticky_enabled=\u00a0\u00bb0&Prime;][\/et_pb_image][\/et_pb_column][\/et_pb_row][\/et_pb_section][et_pb_section fb_built=\u00a0\u00bb1&Prime; custom_padding_last_edited=\u00a0\u00bbon|phone\u00a0\u00bb _builder_version=\u00a0\u00bb4.27.4&Prime; _module_preset=\u00a0\u00bbdefault\u00a0\u00bb background_color=\u00a0\u00bbRGBA(255,255,255,0)\u00a0\u00bb custom_padding=\u00a0\u00bb40px||10px||false|false\u00a0\u00bb custom_padding_tablet=\u00a0\u00bb||0px||false|false\u00a0\u00bb custom_padding_phone=\u00a0\u00bb0px||20px||false|false\u00a0\u00bb global_colors_info=\u00a0\u00bb{}\u00a0\u00bb][et_pb_row custom_padding_last_edited=\u00a0\u00bbon|phone\u00a0\u00bb _builder_version=\u00a0\u00bb4.27.4&Prime; _module_preset=\u00a0\u00bbdefault\u00a0\u00bb width=\u00a0\u00bb85%\u00a0\u00bb width_tablet=\u00a0\u00bb90%\u00a0\u00bb width_phone=\u00a0\u00bb90%\u00a0\u00bb width_last_edited=\u00a0\u00bbon|tablet\u00a0\u00bb custom_padding_tablet=\u00a0\u00bb\u00a0\u00bb custom_padding_phone=\u00a0\u00bb0px||0px||false|false\u00a0\u00bb global_colors_info=\u00a0\u00bb{}\u00a0\u00bb][et_pb_column type=\u00a0\u00bb4_4&Prime; _builder_version=\u00a0\u00bb4.27.4&Prime; _module_preset=\u00a0\u00bbdefault\u00a0\u00bb global_colors_info=\u00a0\u00bb{}\u00a0\u00bb][dipi_faq faq_categories=\u00a0\u00bb33&Prime; faq_order_by=\u00a0\u00bbdate\u00a0\u00bb faq_order=\u00a0\u00bbDESC\u00a0\u00bb icon_animate=\u00a0\u00bbon\u00a0\u00bb icon_animate_delay=\u00a0\u00bbon\u00a0\u00bb icon_closed=\u00a0\u00bb&#x50;||divi||400&Prime; icon_open=\u00a0\u00bb&#x4f;||divi||400&Prime; icon_open_color=\u00a0\u00bb#4C2D61&Prime; icon_closed_color=\u00a0\u00bb#4C2D61&Prime; icon_closed_bg_color=\u00a0\u00bbRGBA(255,255,255,0)\u00a0\u00bb icon_open_font_size=\u00a0\u00bb22px\u00a0\u00bb icon_closed_font_size=\u00a0\u00bb22px\u00a0\u00bb entry_background_closed=\u00a0\u00bb#ffffff\u00a0\u00bb entry_background_open=\u00a0\u00bb#ffffff\u00a0\u00bb entry_margin_closed=\u00a0\u00bb||20px||false|false\u00a0\u00bb entry_padding_closed=\u00a0\u00bb15px|15px|15px|15px|true|true\u00a0\u00bb content_padding_open=\u00a0\u00bb10px||||false|false\u00a0\u00bb entry_padding_closed_tablet=\u00a0\u00bb15px|15px|15px|15px|true|true\u00a0\u00bb entry_padding_closed_phone=\u00a0\u00bb10px|0px|10px|10px|true|false\u00a0\u00bb entry_padding_closed_last_edited=\u00a0\u00bbon|phone\u00a0\u00bb title_padding_closed_tablet=\u00a0\u00bb15px|15px|15px|15px|true|true\u00a0\u00bb title_padding_closed_phone=\u00a0\u00bb15px|36px|||false|false\u00a0\u00bb title_padding_closed_last_edited=\u00a0\u00bbon|tablet\u00a0\u00bb title_padding_open_tablet=\u00a0\u00bb||||false|true\u00a0\u00bb title_padding_open_phone=\u00a0\u00bb||||false|true\u00a0\u00bb title_padding_open_last_edited=\u00a0\u00bbon|tablet\u00a0\u00bb content_padding_closed_tablet=\u00a0\u00bb|15px|20px|15px|false|true\u00a0\u00bb content_padding_closed_phone=\u00a0\u00bb||||false|false\u00a0\u00bb content_padding_closed_last_edited=\u00a0\u00bbon|tablet\u00a0\u00bb _builder_version=\u00a0\u00bb4.27.4&Prime; _module_preset=\u00a0\u00bbdefault\u00a0\u00bb title_closed_font=\u00a0\u00bb&#8211;et_global_heading_font||||||||\u00a0\u00bb title_closed_text_color=\u00a0\u00bb#2B2033&Prime; title_closed_font_size=\u00a0\u00bb29px\u00a0\u00bb content_link_text_color=\u00a0\u00bb#4C2D61&Prime; background_color=\u00a0\u00bbRGBA(255,255,255,0)\u00a0\u00bb title_closed_font_size_tablet=\u00a0\u00bb25px\u00a0\u00bb title_closed_font_size_phone=\u00a0\u00bb23px\u00a0\u00bb title_closed_font_size_last_edited=\u00a0\u00bbon|tablet\u00a0\u00bb title_closed_line_height_tablet=\u00a0\u00bb1.1em\u00a0\u00bb title_closed_line_height_phone=\u00a0\u00bb1.1em\u00a0\u00bb title_closed_line_height_last_edited=\u00a0\u00bbon|tablet\u00a0\u00bb content_link_text_color_last_edited=\u00a0\u00bboff|desktop\u00a0\u00bb border_radii_entries_closed=\u00a0\u00bbon|50px|50px|50px|50px\u00a0\u00bb border_color_all_title_closed=\u00a0\u00bbRGBA(255,255,255,0)\u00a0\u00bb border_color_all_title_open=\u00a0\u00bbRGBA(255,255,255,0)\u00a0\u00bb border_color_all_content_closed=\u00a0\u00bbRGBA(255,255,255,0)\u00a0\u00bb border_color_all_content_open=\u00a0\u00bbRGBA(255,255,255,0)\u00a0\u00bb global_colors_info=\u00a0\u00bb{}\u00a0\u00bb content_link_text_color__hover_enabled=\u00a0\u00bbon|hover\u00a0\u00bb content_link_text_color__hover=\u00a0\u00bb#DF6E26&Prime; title_closed_text_color__hover_enabled=\u00a0\u00bbon|hover\u00a0\u00bb title_closed_text_color__hover=\u00a0\u00bb#DF6E26&Prime;][\/dipi_faq][\/et_pb_column][\/et_pb_row][\/et_pb_section][et_pb_section fb_built=\u00a0\u00bb1&Prime; custom_padding_last_edited=\u00a0\u00bbon|phone\u00a0\u00bb _builder_version=\u00a0\u00bb4.27.4&Prime; _module_preset=\u00a0\u00bbdefault\u00a0\u00bb background_color=\u00a0\u00bbRGBA(255,255,255,0)\u00a0\u00bb custom_padding=\u00a0\u00bb||10px||false|false\u00a0\u00bb custom_padding_tablet=\u00a0\u00bb||10px||false|false\u00a0\u00bb custom_padding_phone=\u00a0\u00bb0px||10px||false|false\u00a0\u00bb saved_tabs=\u00a0\u00bball\u00a0\u00bb global_colors_info=\u00a0\u00bb{}\u00a0\u00bb global_module=\u00a0\u00bb1364&Prime; theme_builder_area=\u00a0\u00bbpost_content\u00a0\u00bb][et_pb_row custom_padding_last_edited=\u00a0\u00bbon|phone\u00a0\u00bb module_id=\u00a0\u00bbsubscribe\u00a0\u00bb _builder_version=\u00a0\u00bb4.27.4&Prime; _module_preset=\u00a0\u00bbdefault\u00a0\u00bb background_color=\u00a0\u00bb#4C2D61&Prime; background_image=\u00a0\u00bbhttps:\/\/ccndr.ca\/wp-content\/uploads\/2026\/01\/CCNDR_Icon_Newsletter.png\u00a0\u00bb background_size=\u00a0\u00bbcustom\u00a0\u00bb background_image_width=\u00a0\u00bb30%\u00a0\u00bb background_position=\u00a0\u00bbcenter_right\u00a0\u00bb background_horizontal_offset=\u00a0\u00bb2%\u00a0\u00bb width=\u00a0\u00bb90%\u00a0\u00bb custom_padding=\u00a0\u00bb50px|40px|50px|40px|false|true\u00a0\u00bb custom_padding_tablet=\u00a0\u00bb50px|40px|20px|40px|false|true\u00a0\u00bb custom_padding_phone=\u00a0\u00bb30px|30px|30px|30px|true|true\u00a0\u00bb border_radii=\u00a0\u00bbon|20px|20px|20px|20px\u00a0\u00bb border_width_all=\u00a0\u00bb1px\u00a0\u00bb border_color_all=\u00a0\u00bbrgba(43,32,51,0.19)\u00a0\u00bb box_shadow_style=\u00a0\u00bbpreset1&Prime; box_shadow_blur=\u00a0\u00bb10px\u00a0\u00bb box_shadow_color=\u00a0\u00bbrgba(43,32,51,0.1)\u00a0\u00bb global_colors_info=\u00a0\u00bb{}\u00a0\u00bb theme_builder_area=\u00a0\u00bbpost_content\u00a0\u00bb][et_pb_column type=\u00a0\u00bb4_4&Prime; _builder_version=\u00a0\u00bb4.27.4&Prime; _module_preset=\u00a0\u00bbdefault\u00a0\u00bb global_colors_info=\u00a0\u00bb{}\u00a0\u00bb theme_builder_area=\u00a0\u00bbpost_content\u00a0\u00bb][et_pb_heading title=\u00a0\u00bbJoignez-vous \u00e0 la communaut\u00e9\u00a0\u00bb module_class=\u00a0\u00bb \u00a0\u00bb _builder_version=\u00a0\u00bb4.27.4&Prime; _module_preset=\u00a0\u00bbf448caaf-95f1-47c4-a01e-eb5d754b9e70&Prime; title_text_align=\u00a0\u00bbleft\u00a0\u00bb global_colors_info=\u00a0\u00bb{}\u00a0\u00bb theme_builder_area=\u00a0\u00bbpost_content\u00a0\u00bb][\/et_pb_heading][et_pb_signup provider=\u00a0\u00bbhubspot\u00a0\u00bb hubspot_list=\u00a0\u00bbHubspot|58&Prime; first_name_field=\u00a0\u00bboff\u00a0\u00bb last_name_field=\u00a0\u00bboff\u00a0\u00bb success_message=\u00a0\u00bbVous vous \u00eates abonn\u00e9(e) avec succ\u00e8s !\u00a0\u00bb title=\u00a0\u00bbFaites partie d\u2019un mouvement croissant d\u2019OBNL qui adoptent le changement num\u00e9rique.\u00a0\u00bb button_text=\u00a0\u00bbS\u2019abonner\u00a0\u00bb description=\u00a0\u00bb<\/p>\n<p>Inscrivez-vous \u00e0 notre infolettre \u00ab Le Centre \u00bb pour recevoir des histoires, des ressources et des perspectives sectorielles directement dans votre bo\u00eete de r\u00e9ception.<\/p>\n<p>\u00a0\u00bb _builder_version=\u00a0\u00bb4.27.4&Prime; _module_preset=\u00a0\u00bbdefault\u00a0\u00bb form_field_text_color=\u00a0\u00bb#2B2033&Prime; form_field_focus_text_color=\u00a0\u00bb#4C2D61&Prime; header_level=\u00a0\u00bbh3&Prime; header_font=\u00a0\u00bb|600|||||||\u00a0\u00bb header_text_color=\u00a0\u00bb#ffffff\u00a0\u00bb header_font_size=\u00a0\u00bb24px\u00a0\u00bb header_line_height=\u00a0\u00bb1.2em\u00a0\u00bb body_font=\u00a0\u00bb||||||||\u00a0\u00bb body_text_color=\u00a0\u00bb#ffffff\u00a0\u00bb result_message_text_align=\u00a0\u00bbleft\u00a0\u00bb result_message_text_color=\u00a0\u00bb#fffcfc\u00a0\u00bb result_message_font_size=\u00a0\u00bb20px\u00a0\u00bb background_enable_color=\u00a0\u00bboff\u00a0\u00bb use_focus_border_color=\u00a0\u00bbon\u00a0\u00bb custom_button=\u00a0\u00bbon\u00a0\u00bb button_text_size=\u00a0\u00bb20px\u00a0\u00bb button_text_color=\u00a0\u00bb#ffffff\u00a0\u00bb button_bg_color=\u00a0\u00bb#EE852D\u00a0\u00bb button_bg_use_color_gradient=\u00a0\u00bbon\u00a0\u00bb button_bg_color_gradient_stops=\u00a0\u00bb#ee852d 0%|#df6e26 100%\u00a0\u00bb button_border_width=\u00a0\u00bb0px\u00a0\u00bb button_border_radius=\u00a0\u00bb50px\u00a0\u00bb button_font=\u00a0\u00bb&#8211;et_global_heading_font||||||||\u00a0\u00bb button_use_icon=\u00a0\u00bboff\u00a0\u00bb button_custom_padding=\u00a0\u00bb8px||8px||true|false\u00a0\u00bb background_layout=\u00a0\u00bblight\u00a0\u00bb custom_padding=\u00a0\u00bb0px|0px|0px|0px|true|true\u00a0\u00bb custom_padding_tablet=\u00a0\u00bb0px|0px|0px|0px|true|true\u00a0\u00bb custom_padding_phone=\u00a0\u00bb0px|0px|0px|0px|true|true\u00a0\u00bb custom_padding_last_edited=\u00a0\u00bbon|tablet\u00a0\u00bb hover_enabled=\u00a0\u00bb0&Prime; header_font_size_tablet=\u00a0\u00bb23px\u00a0\u00bb header_font_size_phone=\u00a0\u00bb24px\u00a0\u00bb header_font_size_last_edited=\u00a0\u00bbon|phone\u00a0\u00bb header_line_height_tablet=\u00a0\u00bb1.1em\u00a0\u00bb header_line_height_phone=\u00a0\u00bb1em\u00a0\u00bb header_line_height_last_edited=\u00a0\u00bbon|phone\u00a0\u00bb custom_css_newsletter_title=\u00a0\u00bbpadding-bottom: 10px!important;\u00a0\u00bb border_radii_fields=\u00a0\u00bbon|50px|50px|50px|50px\u00a0\u00bb border_color_all_fields=\u00a0\u00bbRGBA(255,255,255,0)\u00a0\u00bb border_radii_fields_focus=\u00a0\u00bbon|50px|50px|50px|50px\u00a0\u00bb border_width_all_fields_focus=\u00a0\u00bb1px\u00a0\u00bb border_color_all_fields_focus=\u00a0\u00bb#8851A1&Prime; global_colors_info=\u00a0\u00bb{}\u00a0\u00bb button_bg_color__hover_enabled=\u00a0\u00bbon|hover\u00a0\u00bb button_bg_color__hover=\u00a0\u00bb#8851A1&Prime; button_bg_enable_color__hover=\u00a0\u00bbon\u00a0\u00bb theme_builder_area=\u00a0\u00bbpost_content\u00a0\u00bb sticky_enabled=\u00a0\u00bb0&Prime;][\/et_pb_signup][\/et_pb_column][\/et_pb_row][\/et_pb_section]<\/p>\n","protected":false},"excerpt":{"rendered":"<p><span><span><a href=\"https:\/\/ccndr.ca\/fr\/\">Home<\/a><\/span><\/span>Cette page r\u00e9pond aux questions fr\u00e9quentes sur le CCNDR, notre travail et les id\u00e9es qui le guident. Consultez la foire aux questions ci-dessous pour en apprendre davantage sur notre approche de la r\u00e9silience num\u00e9rique, de la collaboration et du soutien au secteur sans but lucratif.<div class=\"et_pb_module dipi_faq dipi_faq_0\">\n\t\t\t\t\n\t\t\t\t\n\t\t\t\t\n\t\t\t\t\n\t\t\t\t\n\t\t\t\t\n\t\t\t\t<div class=\"et_pb_module_inner\">\n\t\t\t\t\t<div class=\"dipi-faq-wrapper dipi-faq-toggles loading \" style=\"display: none;\" data-config=\"{&quot;layout&quot;:&quot;toggles&quot;}\">\n\t\t\t\t<script type=\"application\/ld+json\">{\"@context\":\"https:\\\/\\\/schema.org\",\"@type\":\"FAQPage\",\"@id\":false,\"mainEntity\":[]}<\/script>\n\t\t\t<\/div>\n\t\t\t\t<\/div>\n\t\t\t<\/div><\/p>\n","protected":false},"author":2,"featured_media":1548,"parent":0,"menu_order":0,"comment_status":"closed","ping_status":"closed","template":"","meta":{"_et_pb_use_builder":"on","_et_pb_old_content":"","_et_gb_content_width":"","footnotes":""},"class_list":["post-1658","page","type-page","status-publish","has-post-thumbnail","hentry"],"yoast_head":"<!-- This site is optimized with the Yoast SEO plugin v27.4 - https:\/\/yoast.com\/product\/yoast-seo-wordpress\/ -->\n<title>Foire aux questions | CCRNO<\/title>\n<meta name=\"description\" content=\"Trouvez des r\u00e9ponses aux questions fr\u00e9quentes sur le CCNDR, la r\u00e9silience num\u00e9rique et la mani\u00e8re dont nos recherches et nos ressources soutiennent les organismes sans but lucratif partout au Canada.\" \/>\n<meta name=\"robots\" content=\"index, follow, max-snippet:-1, max-image-preview:large, max-video-preview:-1\" \/>\n<link rel=\"canonical\" href=\"https:\/\/ccndr.ca\/fr\/questions\/\" \/>\n<meta property=\"og:locale\" content=\"fr_FR\" \/>\n<meta property=\"og:type\" content=\"article\" \/>\n<meta property=\"og:title\" content=\"Foire aux questions | CCRNO\" \/>\n<meta property=\"og:description\" content=\"Trouvez des r\u00e9ponses aux questions fr\u00e9quentes sur le CCNDR, la r\u00e9silience num\u00e9rique et la mani\u00e8re dont nos recherches et nos ressources soutiennent les organismes sans but lucratif partout au Canada.\" \/>\n<meta property=\"og:url\" content=\"https:\/\/ccndr.ca\/fr\/questions\/\" \/>\n<meta property=\"og:site_name\" content=\"Canadian Centre for Nonprofit Digital Resilience\" \/>\n<meta property=\"article:modified_time\" content=\"2026-04-03T17:58:11+00:00\" \/>\n<meta property=\"og:image\" content=\"https:\/\/ccndr.ca\/wp-content\/uploads\/2026\/03\/Graphic_Collaboration_Standing.webp\" \/>\n\t<meta property=\"og:image:width\" content=\"972\" \/>\n\t<meta property=\"og:image:height\" content=\"828\" \/>\n\t<meta property=\"og:image:type\" content=\"image\/webp\" \/>\n<meta name=\"twitter:card\" content=\"summary_large_image\" \/>\n<meta name=\"twitter:label1\" content=\"Dur\u00e9e de lecture estim\u00e9e\" \/>\n\t<meta name=\"twitter:data1\" content=\"2 minutes\" \/>\n<script type=\"application\/ld+json\" class=\"yoast-schema-graph\">{\"@context\":\"https:\\\/\\\/schema.org\",\"@graph\":[{\"@type\":\"WebPage\",\"@id\":\"https:\\\/\\\/ccndr.ca\\\/fr\\\/questions\\\/\",\"url\":\"https:\\\/\\\/ccndr.ca\\\/fr\\\/questions\\\/\",\"name\":\"Foire aux questions | CCRNO\",\"isPartOf\":{\"@id\":\"https:\\\/\\\/ccndr.ca\\\/fr\\\/#website\"},\"primaryImageOfPage\":{\"@id\":\"https:\\\/\\\/ccndr.ca\\\/fr\\\/questions\\\/#primaryimage\"},\"image\":{\"@id\":\"https:\\\/\\\/ccndr.ca\\\/fr\\\/questions\\\/#primaryimage\"},\"thumbnailUrl\":\"https:\\\/\\\/ccndr.ca\\\/wp-content\\\/uploads\\\/2026\\\/03\\\/Graphic_Collaboration_Standing.webp\",\"datePublished\":\"2026-03-13T19:47:50+00:00\",\"dateModified\":\"2026-04-03T17:58:11+00:00\",\"description\":\"Trouvez des r\u00e9ponses aux questions fr\u00e9quentes sur le CCNDR, la r\u00e9silience num\u00e9rique et la mani\u00e8re dont nos recherches et nos ressources soutiennent les organismes sans but lucratif partout au Canada.\",\"breadcrumb\":{\"@id\":\"https:\\\/\\\/ccndr.ca\\\/fr\\\/questions\\\/#breadcrumb\"},\"inLanguage\":\"fr-FR\",\"potentialAction\":[{\"@type\":\"ReadAction\",\"target\":[\"https:\\\/\\\/ccndr.ca\\\/fr\\\/questions\\\/\"]}]},{\"@type\":\"ImageObject\",\"inLanguage\":\"fr-FR\",\"@id\":\"https:\\\/\\\/ccndr.ca\\\/fr\\\/questions\\\/#primaryimage\",\"url\":\"https:\\\/\\\/ccndr.ca\\\/wp-content\\\/uploads\\\/2026\\\/03\\\/Graphic_Collaboration_Standing.webp\",\"contentUrl\":\"https:\\\/\\\/ccndr.ca\\\/wp-content\\\/uploads\\\/2026\\\/03\\\/Graphic_Collaboration_Standing.webp\",\"width\":972,\"height\":828,\"caption\":\"The Canadian Centre for Nonprofit Digital Resilience (CCNDR)\"},{\"@type\":\"BreadcrumbList\",\"@id\":\"https:\\\/\\\/ccndr.ca\\\/fr\\\/questions\\\/#breadcrumb\",\"itemListElement\":[{\"@type\":\"ListItem\",\"position\":1,\"name\":\"Home\",\"item\":\"https:\\\/\\\/ccndr.ca\\\/fr\\\/\"},{\"@type\":\"ListItem\",\"position\":2,\"name\":\"Foire aux questions\"}]},{\"@type\":\"WebSite\",\"@id\":\"https:\\\/\\\/ccndr.ca\\\/fr\\\/#website\",\"url\":\"https:\\\/\\\/ccndr.ca\\\/fr\\\/\",\"name\":\"Canadian Centre for Nonprofit Digital Resilience\",\"description\":\"Helping nonprofits use data and tech to strengthen their missions and community impact.\",\"publisher\":{\"@id\":\"https:\\\/\\\/ccndr.ca\\\/fr\\\/#organization\"},\"alternateName\":\"CCNDR\",\"potentialAction\":[{\"@type\":\"SearchAction\",\"target\":{\"@type\":\"EntryPoint\",\"urlTemplate\":\"https:\\\/\\\/ccndr.ca\\\/fr\\\/?s={search_term_string}\"},\"query-input\":{\"@type\":\"PropertyValueSpecification\",\"valueRequired\":true,\"valueName\":\"search_term_string\"}}],\"inLanguage\":\"fr-FR\"},{\"@type\":\"Organization\",\"@id\":\"https:\\\/\\\/ccndr.ca\\\/fr\\\/#organization\",\"name\":\"Canadian Centre for Nonprofit Digital Resilience\",\"url\":\"https:\\\/\\\/ccndr.ca\\\/fr\\\/\",\"logo\":{\"@type\":\"ImageObject\",\"inLanguage\":\"fr-FR\",\"@id\":\"https:\\\/\\\/ccndr.ca\\\/fr\\\/#\\\/schema\\\/logo\\\/image\\\/\",\"url\":\"https:\\\/\\\/ccndr.ca\\\/wp-content\\\/uploads\\\/2025\\\/10\\\/CCNDR_MainLogo_LightBG.webp\",\"contentUrl\":\"https:\\\/\\\/ccndr.ca\\\/wp-content\\\/uploads\\\/2025\\\/10\\\/CCNDR_MainLogo_LightBG.webp\",\"width\":700,\"height\":206,\"caption\":\"Canadian Centre for Nonprofit Digital Resilience\"},\"image\":{\"@id\":\"https:\\\/\\\/ccndr.ca\\\/fr\\\/#\\\/schema\\\/logo\\\/image\\\/\"},\"sameAs\":[\"https:\\\/\\\/www.linkedin.com\\\/company\\\/ccndr\\\/\"]}]}<\/script>\n<!-- \/ Yoast SEO plugin. -->","yoast_head_json":{"title":"Foire aux questions | CCRNO","description":"Trouvez des r\u00e9ponses aux questions fr\u00e9quentes sur le CCNDR, la r\u00e9silience num\u00e9rique et la mani\u00e8re dont nos recherches et nos ressources soutiennent les organismes sans but lucratif partout au Canada.","robots":{"index":"index","follow":"follow","max-snippet":"max-snippet:-1","max-image-preview":"max-image-preview:large","max-video-preview":"max-video-preview:-1"},"canonical":"https:\/\/ccndr.ca\/fr\/questions\/","og_locale":"fr_FR","og_type":"article","og_title":"Foire aux questions | CCRNO","og_description":"Trouvez des r\u00e9ponses aux questions fr\u00e9quentes sur le CCNDR, la r\u00e9silience num\u00e9rique et la mani\u00e8re dont nos recherches et nos ressources soutiennent les organismes sans but lucratif partout au Canada.","og_url":"https:\/\/ccndr.ca\/fr\/questions\/","og_site_name":"Canadian Centre for Nonprofit Digital Resilience","article_modified_time":"2026-04-03T17:58:11+00:00","og_image":[{"width":972,"height":828,"url":"https:\/\/ccndr.ca\/wp-content\/uploads\/2026\/03\/Graphic_Collaboration_Standing.webp","type":"image\/webp"}],"twitter_card":"summary_large_image","twitter_misc":{"Dur\u00e9e de lecture estim\u00e9e":"2 minutes"},"schema":{"@context":"https:\/\/schema.org","@graph":[{"@type":"WebPage","@id":"https:\/\/ccndr.ca\/fr\/questions\/","url":"https:\/\/ccndr.ca\/fr\/questions\/","name":"Foire aux questions | CCRNO","isPartOf":{"@id":"https:\/\/ccndr.ca\/fr\/#website"},"primaryImageOfPage":{"@id":"https:\/\/ccndr.ca\/fr\/questions\/#primaryimage"},"image":{"@id":"https:\/\/ccndr.ca\/fr\/questions\/#primaryimage"},"thumbnailUrl":"https:\/\/ccndr.ca\/wp-content\/uploads\/2026\/03\/Graphic_Collaboration_Standing.webp","datePublished":"2026-03-13T19:47:50+00:00","dateModified":"2026-04-03T17:58:11+00:00","description":"Trouvez des r\u00e9ponses aux questions fr\u00e9quentes sur le CCNDR, la r\u00e9silience num\u00e9rique et la mani\u00e8re dont nos recherches et nos ressources soutiennent les organismes sans but lucratif partout au Canada.","breadcrumb":{"@id":"https:\/\/ccndr.ca\/fr\/questions\/#breadcrumb"},"inLanguage":"fr-FR","potentialAction":[{"@type":"ReadAction","target":["https:\/\/ccndr.ca\/fr\/questions\/"]}]},{"@type":"ImageObject","inLanguage":"fr-FR","@id":"https:\/\/ccndr.ca\/fr\/questions\/#primaryimage","url":"https:\/\/ccndr.ca\/wp-content\/uploads\/2026\/03\/Graphic_Collaboration_Standing.webp","contentUrl":"https:\/\/ccndr.ca\/wp-content\/uploads\/2026\/03\/Graphic_Collaboration_Standing.webp","width":972,"height":828,"caption":"The Canadian Centre for Nonprofit Digital Resilience (CCNDR)"},{"@type":"BreadcrumbList","@id":"https:\/\/ccndr.ca\/fr\/questions\/#breadcrumb","itemListElement":[{"@type":"ListItem","position":1,"name":"Home","item":"https:\/\/ccndr.ca\/fr\/"},{"@type":"ListItem","position":2,"name":"Foire aux questions"}]},{"@type":"WebSite","@id":"https:\/\/ccndr.ca\/fr\/#website","url":"https:\/\/ccndr.ca\/fr\/","name":"Canadian Centre for Nonprofit Digital Resilience","description":"Helping nonprofits use data and tech to strengthen their missions and community impact.","publisher":{"@id":"https:\/\/ccndr.ca\/fr\/#organization"},"alternateName":"CCNDR","potentialAction":[{"@type":"SearchAction","target":{"@type":"EntryPoint","urlTemplate":"https:\/\/ccndr.ca\/fr\/?s={search_term_string}"},"query-input":{"@type":"PropertyValueSpecification","valueRequired":true,"valueName":"search_term_string"}}],"inLanguage":"fr-FR"},{"@type":"Organization","@id":"https:\/\/ccndr.ca\/fr\/#organization","name":"Canadian Centre for Nonprofit Digital Resilience","url":"https:\/\/ccndr.ca\/fr\/","logo":{"@type":"ImageObject","inLanguage":"fr-FR","@id":"https:\/\/ccndr.ca\/fr\/#\/schema\/logo\/image\/","url":"https:\/\/ccndr.ca\/wp-content\/uploads\/2025\/10\/CCNDR_MainLogo_LightBG.webp","contentUrl":"https:\/\/ccndr.ca\/wp-content\/uploads\/2025\/10\/CCNDR_MainLogo_LightBG.webp","width":700,"height":206,"caption":"Canadian Centre for Nonprofit Digital Resilience"},"image":{"@id":"https:\/\/ccndr.ca\/fr\/#\/schema\/logo\/image\/"},"sameAs":["https:\/\/www.linkedin.com\/company\/ccndr\/"]}]}},"_links":{"self":[{"href":"https:\/\/ccndr.ca\/fr\/wp-json\/wp\/v2\/pages\/1658","targetHints":{"allow":["GET"]}}],"collection":[{"href":"https:\/\/ccndr.ca\/fr\/wp-json\/wp\/v2\/pages"}],"about":[{"href":"https:\/\/ccndr.ca\/fr\/wp-json\/wp\/v2\/types\/page"}],"author":[{"embeddable":true,"href":"https:\/\/ccndr.ca\/fr\/wp-json\/wp\/v2\/users\/2"}],"replies":[{"embeddable":true,"href":"https:\/\/ccndr.ca\/fr\/wp-json\/wp\/v2\/comments?post=1658"}],"version-history":[{"count":0,"href":"https:\/\/ccndr.ca\/fr\/wp-json\/wp\/v2\/pages\/1658\/revisions"}],"wp:featuredmedia":[{"embeddable":true,"href":"https:\/\/ccndr.ca\/fr\/wp-json\/wp\/v2\/media\/1548"}],"wp:attachment":[{"href":"https:\/\/ccndr.ca\/fr\/wp-json\/wp\/v2\/media?parent=1658"}],"curies":[{"name":"wp","href":"https:\/\/api.w.org\/{rel}","templated":true}]}}