{"id":1687,"date":"2026-03-13T16:54:19","date_gmt":"2026-03-13T16:54:19","guid":{"rendered":"https:\/\/newccndr.wpenginepowered.com\/digital-impact-hub\/"},"modified":"2026-04-06T16:11:42","modified_gmt":"2026-04-06T16:11:42","slug":"carrefour-impact-numerique","status":"publish","type":"page","link":"https:\/\/ccndr.ca\/fr\/carrefour-impact-numerique\/","title":{"rendered":"Carrefour d\u2019impact num\u00e9rique"},"content":{"rendered":"<p>[et_pb_section fb_built=\u00a0\u00bb1&Prime; _builder_version=\u00a0\u00bb4.27.4&Prime; _module_preset=\u00a0\u00bb4109451b-8d81-4abc-95de-1af6acef0a4a\u00a0\u00bb global_colors_info=\u00a0\u00bb{}\u00a0\u00bb][et_pb_row column_structure=\u00a0\u00bb3_5,2_5&Prime; _builder_version=\u00a0\u00bb4.27.4&Prime; _module_preset=\u00a0\u00bb2f8fa3d7-1a0e-4fde-9d0e-86dacd53691c\u00a0\u00bb custom_padding=\u00a0\u00bb8%||0px||false|false\u00a0\u00bb custom_padding_phone=\u00a0\u00bb0%||10px||false|false\u00a0\u00bb global_colors_info=\u00a0\u00bb{}\u00a0\u00bb custom_css_main_element_last_edited=\u00a0\u00bbon|phone\u00a0\u00bb custom_css_main_element_phone=\u00a0\u00bbdisplay: flex;||flex-wrap: wrap;\u00a0\u00bb][et_pb_column type=\u00a0\u00bb3_5&Prime; module_class=\u00a0\u00bbinline-buttons\u00a0\u00bb _builder_version=\u00a0\u00bb4.27.4&Prime; _module_preset=\u00a0\u00bbdefault\u00a0\u00bb custom_padding_tablet=\u00a0\u00bb|||20px|false|false\u00a0\u00bb custom_padding_phone=\u00a0\u00bb|||0px|false|false\u00a0\u00bb custom_padding_last_edited=\u00a0\u00bbon|tablet\u00a0\u00bb custom_css_main_element=\u00a0\u00bbmargin: auto;\u00a0\u00bb global_colors_info=\u00a0\u00bb{}\u00a0\u00bb custom_css_main_element_last_edited=\u00a0\u00bbon|tablet\u00a0\u00bb custom_css_main_element_tablet=\u00a0\u00bbwidth: 50%\u00a0\u00bb custom_css_main_element_phone=\u00a0\u00bborder: 2&Prime;][et_pb_code _builder_version=\u00a0\u00bb4.27.4&Prime; _module_preset=\u00a0\u00bbdefault\u00a0\u00bb custom_margin=\u00a0\u00bb||20px||false|false\u00a0\u00bb global_colors_info=\u00a0\u00bb{}\u00a0\u00bb]<\/p>\n<nav aria-label=\"Breadcrumb\"><!-- [et_pb_line_break_holder] -->  <span><span><a href=\"https:\/\/ccndr.ca\/fr\/\">Home<\/a><\/span><\/span><!-- [et_pb_line_break_holder] --><\/nav>\n<p>[\/et_pb_code][et_pb_heading title=\u00a0\u00bb@ET-DC@eyJkeW5hbWljIjp0cnVlLCJjb250ZW50IjoicG9zdF90aXRsZSIsInNldHRpbmdzIjp7ImJlZm9yZSI6IiIsImFmdGVyIjoiIn19@\u00a0\u00bb _builder_version=\u00a0\u00bb4.27.4&Prime; _dynamic_attributes=\u00a0\u00bbtitle\u00a0\u00bb _module_preset=\u00a0\u00bb21a88392-a3ca-4d22-9b19-0ce7765559d1&Prime; global_colors_info=\u00a0\u00bb{}\u00a0\u00bb][\/et_pb_heading][et_pb_text _builder_version=\u00a0\u00bb4.27.4&Prime; _module_preset=\u00a0\u00bb00179e3b-a3f6-4c41-8c2c-f242fc680eea\u00a0\u00bb global_colors_info=\u00a0\u00bb{}\u00a0\u00bb]<\/p>\n<h2>Des rep\u00e8res fiables pour naviguer le changement num\u00e9rique<br \/>\n<\/h2>\n<p>[\/et_pb_text][et_pb_text _builder_version=\u00a0\u00bb4.27.4&Prime; _module_preset=\u00a0\u00bbc3e1c078-1641-4138-bc20-c0641109e80a\u00a0\u00bb global_colors_info=\u00a0\u00bb{}\u00a0\u00bb]<\/p>\n<p>Le Carrefour d\u2019impact num\u00e9rique est le point d\u2019acc\u00e8s s\u00e9lectionn\u00e9 par le Centre canadien pour la r\u00e9silience num\u00e9rique des OBNL (CCRNO) vers des outils, des recherches et des apprentissages fiables li\u00e9s \u00e0 nos axes prioritaires.<\/p>\n<p>Les OBNL font face \u00e0 un volume consid\u00e9rable de conseils num\u00e9riques, de plateformes et de technologies \u00e9mergentes. Le Carrefour vise \u00e0 r\u00e9duire ce bruit. Il met en relation les dirigeant.e.s, praticien.ne.s et conseils d\u2019administration avec des ressources cr\u00e9dibles et \u00e9clair\u00e9es par le secteur afin de soutenir des d\u00e9cisions responsables et assur\u00e9es.<\/p>\n<p>Plut\u00f4t que d\u2019ajouter une couche d\u2019information suppl\u00e9mentaire, le Carrefour regroupe des orientations issues de l\u2019\u00e9cosyst\u00e8me et aide les organisations \u00e0 d\u00e9terminer par o\u00f9 commencer, aupr\u00e8s de qui apprendre et quelles prochaines \u00e9tapes concr\u00e8tes correspondent \u00e0 leur r\u00e9alit\u00e9.<\/p>\n<p>[\/et_pb_text][\/et_pb_column][et_pb_column type=\u00a0\u00bb2_5&Prime; module_class=\u00a0\u00bbinline-buttons\u00a0\u00bb _builder_version=\u00a0\u00bb4.27.4&Prime; _module_preset=\u00a0\u00bbdefault\u00a0\u00bb custom_padding=\u00a0\u00bb|||2%|false|false\u00a0\u00bb custom_padding_tablet=\u00a0\u00bb|||20px|false|false\u00a0\u00bb custom_padding_phone=\u00a0\u00bb|||0px|false|false\u00a0\u00bb custom_padding_last_edited=\u00a0\u00bbon|tablet\u00a0\u00bb custom_css_main_element=\u00a0\u00bbmargin: auto;\u00a0\u00bb global_colors_info=\u00a0\u00bb{}\u00a0\u00bb custom_css_main_element_last_edited=\u00a0\u00bbon|tablet\u00a0\u00bb custom_css_main_element_tablet=\u00a0\u00bbwidth: 50%\u00a0\u00bb custom_css_main_element_phone=\u00a0\u00bborder: 2&Prime;][et_pb_image src=\u00a0\u00bbhttps:\/\/ccndr.ca\/wp-content\/uploads\/2026\/04\/Digital-Impact-Hub.png\u00a0\u00bb alt=\u00a0\u00bbFunders &#038; Partners\u00a0\u00bb _builder_version=\u00a0\u00bb4.27.4&Prime; _module_preset=\u00a0\u00bbdefault\u00a0\u00bb custom_margin_tablet=\u00a0\u00bb\u00a0\u00bb custom_margin_phone=\u00a0\u00bb20px||20px||false|false\u00a0\u00bb custom_margin_last_edited=\u00a0\u00bbon|phone\u00a0\u00bb hover_enabled=\u00a0\u00bb0&Prime; border_color_all=\u00a0\u00bbrgba(43,32,51,0.27)\u00a0\u00bb global_colors_info=\u00a0\u00bb{}\u00a0\u00bb title_text=\u00a0\u00bbDigital Impact Hub\u00a0\u00bb sticky_enabled=\u00a0\u00bb0&Prime;][\/et_pb_image][\/et_pb_column][\/et_pb_row][\/et_pb_section][et_pb_section fb_built=\u00a0\u00bb1&Prime; custom_padding_last_edited=\u00a0\u00bbon|tablet\u00a0\u00bb _builder_version=\u00a0\u00bb4.27.4&Prime; _module_preset=\u00a0\u00bbdefault\u00a0\u00bb background_color=\u00a0\u00bbRGBA(255,255,255,0)\u00a0\u00bb custom_padding_tablet=\u00a0\u00bb||0px||false|false\u00a0\u00bb custom_padding_phone=\u00a0\u00bb20px||30px||false|false\u00a0\u00bb global_colors_info=\u00a0\u00bb{}\u00a0\u00bb][et_pb_row custom_padding_last_edited=\u00a0\u00bbon|phone\u00a0\u00bb _builder_version=\u00a0\u00bb4.27.4&Prime; _module_preset=\u00a0\u00bbdefault\u00a0\u00bb background_color=\u00a0\u00bb#ffffff\u00a0\u00bb width=\u00a0\u00bb85%\u00a0\u00bb width_tablet=\u00a0\u00bb90%\u00a0\u00bb width_phone=\u00a0\u00bb90%\u00a0\u00bb width_last_edited=\u00a0\u00bbon|tablet\u00a0\u00bb custom_padding=\u00a0\u00bb30px|30px|30px|30px|true|true\u00a0\u00bb custom_padding_tablet=\u00a0\u00bb30px|30px|30px|30px|true|true\u00a0\u00bb custom_padding_phone=\u00a0\u00bb20px|20px|20px|20px|true|true\u00a0\u00bb border_radii=\u00a0\u00bbon|20px|20px|20px|20px\u00a0\u00bb box_shadow_style=\u00a0\u00bbpreset1&Prime; box_shadow_blur=\u00a0\u00bb8px\u00a0\u00bb box_shadow_color=\u00a0\u00bbrgba(0,0,0,0.1)\u00a0\u00bb global_colors_info=\u00a0\u00bb{}\u00a0\u00bb][et_pb_column type=\u00a0\u00bb4_4&Prime; _builder_version=\u00a0\u00bb4.27.4&Prime; _module_preset=\u00a0\u00bbdefault\u00a0\u00bb global_colors_info=\u00a0\u00bb{}\u00a0\u00bb][et_pb_heading title=\u00a0\u00bbLa boussole IA pour les OBNL\u00a0\u00bb _builder_version=\u00a0\u00bb4.27.4&Prime; _module_preset=\u00a0\u00bbf448caaf-95f1-47c4-a01e-eb5d754b9e70&Prime; global_colors_info=\u00a0\u00bb{}\u00a0\u00bb][\/et_pb_heading][et_pb_text _builder_version=\u00a0\u00bb4.27.4&Prime; _module_preset=\u00a0\u00bb6c55eb74-daa4-42a7-96d2-88966496eaf9&Prime; header_3_text_align=\u00a0\u00bbleft\u00a0\u00bb custom_margin=\u00a0\u00bb||10px||false|false\u00a0\u00bb global_colors_info=\u00a0\u00bb{}\u00a0\u00bb]<\/p>\n<h3>Le premier carrefour national de ressources en IA pour les OBNL au Canada<br \/>\n<\/h3>\n<p>[\/et_pb_text][et_pb_text ul_position=\u00a0\u00bbinside\u00a0\u00bb ul_item_indent=\u00a0\u00bb30px\u00a0\u00bb module_class=\u00a0\u00bbplus-bullets-black\u00a0\u00bb _builder_version=\u00a0\u00bb4.27.4&Prime; _module_preset=\u00a0\u00bbdefault\u00a0\u00bb global_colors_info=\u00a0\u00bb{}\u00a0\u00bb]<\/p>\n<p>La boussole IA pour les OBNL est la premi\u00e8re ressource active du Carrefour d\u2019impact num\u00e9rique, ax\u00e9e sur l\u2019utilisation responsable de l\u2019IA dans les milieux sans but lucratif.<\/p>\n<p>L\u2019IA \u00e9volue rapidement, et de nombreuses organisations ne savent pas vers qui se tourner pour obtenir des orientations fiables. La boussole IA offre un point de d\u00e9part cr\u00e9dible. Elle relie les OBNL \u00e0 :<\/p>\n<ul>\n<li>des explications claires et accessibles de l\u2019IA dans<\/li>\n<li>des contextes sans but lucratif<\/li>\n<li>des outils et cadres fond\u00e9s sur la recherche<\/li>\n<li>des parcours d\u2019apprentissage s\u00e9lectionn\u00e9s et des ressources externes con\u00e7ues pour un usage concret en milieu OBNL<\/li>\n<\/ul>\n<p>La boussole ne pr\u00e9sente pas l\u2019IA comme une solution en soi. Elle aide plut\u00f4t les organisations \u00e0 r\u00e9pondre \u00e0 des questions essentielles, telles que :<\/p>\n<ul>\n<li>O\u00f9 l\u2019IA pourrait-elle \u00eatre utile dans notre travail ?<\/li>\n<li>O\u00f9 des mesures de protection et des politiques sont-elles n\u00e9cessaires ?<\/li>\n<li>Comment adopter l\u2019IA d\u2019une mani\u00e8re qui prot\u00e8ge la confiance des communaut\u00e9s et les valeurs organisationnelles ?<\/li>\n<\/ul>\n<p>En s\u2019appuyant sur les recherches et les partenariats nationaux du CCRNO, la boussole met directement les OBNL en lien avec des soutiens cr\u00e9dibles et des prochaines \u00e9tapes concr\u00e8tes.<\/p>\n<p>[\/et_pb_text][et_pb_button button_url=\u00a0\u00bbhttps:\/\/ai.ccndr.ca\/\u00a0\u00bb url_new_window=\u00a0\u00bbon\u00a0\u00bb button_text=\u00a0\u00bbVisiter la boussole IA pour les OBNL\u00a0\u00bb _builder_version=\u00a0\u00bb4.27.4&Prime; _module_preset=\u00a0\u00bb9599dbd8-2ecc-4e3a-aa8d-764cb54a52ca\u00a0\u00bb global_colors_info=\u00a0\u00bb{}\u00a0\u00bb][\/et_pb_button][\/et_pb_column][\/et_pb_row][\/et_pb_section][et_pb_section fb_built=\u00a0\u00bb1&Prime; custom_padding_last_edited=\u00a0\u00bbon|phone\u00a0\u00bb _builder_version=\u00a0\u00bb4.27.4&Prime; _module_preset=\u00a0\u00bbdefault\u00a0\u00bb background_color=\u00a0\u00bbRGBA(255,255,255,0)\u00a0\u00bb custom_padding=\u00a0\u00bb||10px||false|false\u00a0\u00bb custom_padding_tablet=\u00a0\u00bb||10px||false|false\u00a0\u00bb custom_padding_phone=\u00a0\u00bb0px||10px||false|false\u00a0\u00bb saved_tabs=\u00a0\u00bball\u00a0\u00bb global_colors_info=\u00a0\u00bb{}\u00a0\u00bb][et_pb_row custom_padding_last_edited=\u00a0\u00bbon|phone\u00a0\u00bb module_id=\u00a0\u00bbsubscribe\u00a0\u00bb _builder_version=\u00a0\u00bb4.27.4&Prime; _module_preset=\u00a0\u00bbdefault\u00a0\u00bb background_color=\u00a0\u00bb#4C2D61&Prime; background_image=\u00a0\u00bbhttps:\/\/ccndr.ca\/wp-content\/uploads\/2026\/01\/CCNDR_Icon_Newsletter.png\u00a0\u00bb background_size=\u00a0\u00bbcustom\u00a0\u00bb background_image_width=\u00a0\u00bb30%\u00a0\u00bb background_position=\u00a0\u00bbcenter_right\u00a0\u00bb background_horizontal_offset=\u00a0\u00bb2%\u00a0\u00bb width=\u00a0\u00bb90%\u00a0\u00bb custom_padding=\u00a0\u00bb50px|40px|50px|40px|false|true\u00a0\u00bb custom_padding_tablet=\u00a0\u00bb50px|40px|20px|40px|false|true\u00a0\u00bb custom_padding_phone=\u00a0\u00bb30px|30px|30px|30px|true|true\u00a0\u00bb border_radii=\u00a0\u00bbon|20px|20px|20px|20px\u00a0\u00bb border_width_all=\u00a0\u00bb1px\u00a0\u00bb border_color_all=\u00a0\u00bbrgba(43,32,51,0.19)\u00a0\u00bb box_shadow_style=\u00a0\u00bbpreset1&Prime; box_shadow_blur=\u00a0\u00bb10px\u00a0\u00bb box_shadow_color=\u00a0\u00bbrgba(43,32,51,0.1)\u00a0\u00bb global_colors_info=\u00a0\u00bb{}\u00a0\u00bb][et_pb_column type=\u00a0\u00bb4_4&Prime; _builder_version=\u00a0\u00bb4.27.4&Prime; _module_preset=\u00a0\u00bbdefault\u00a0\u00bb global_colors_info=\u00a0\u00bb{}\u00a0\u00bb][et_pb_heading title=\u00a0\u00bbJoignez-vous \u00e0 la communaut\u00e9\u00a0\u00bb module_class=\u00a0\u00bb \u00a0\u00bb _builder_version=\u00a0\u00bb4.27.4&Prime; _module_preset=\u00a0\u00bbf448caaf-95f1-47c4-a01e-eb5d754b9e70&Prime; title_text_align=\u00a0\u00bbleft\u00a0\u00bb global_colors_info=\u00a0\u00bb{}\u00a0\u00bb][\/et_pb_heading][et_pb_signup provider=\u00a0\u00bbhubspot\u00a0\u00bb hubspot_list=\u00a0\u00bbHubspot|58&Prime; first_name_field=\u00a0\u00bboff\u00a0\u00bb last_name_field=\u00a0\u00bboff\u00a0\u00bb success_message=\u00a0\u00bbVous vous \u00eates abonn\u00e9(e) avec succ\u00e8s !\u00a0\u00bb title=\u00a0\u00bbFaites partie d\u2019un mouvement croissant d\u2019OBNL qui adoptent le changement num\u00e9rique.\u00a0\u00bb button_text=\u00a0\u00bbS\u2019abonner\u00a0\u00bb description=\u00a0\u00bb<\/p>\n<p>Inscrivez-vous \u00e0 notre infolettre \u00ab Le Centre \u00bb pour recevoir des histoires, des ressources et des perspectives sectorielles directement dans votre bo\u00eete de r\u00e9ception.<\/p>\n<p>\u00a0\u00bb _builder_version=\u00a0\u00bb4.27.4&Prime; _module_preset=\u00a0\u00bbdefault\u00a0\u00bb form_field_text_color=\u00a0\u00bb#2B2033&Prime; form_field_focus_text_color=\u00a0\u00bb#4C2D61&Prime; header_level=\u00a0\u00bbh3&Prime; header_font=\u00a0\u00bb|600|||||||\u00a0\u00bb header_text_color=\u00a0\u00bb#ffffff\u00a0\u00bb header_font_size=\u00a0\u00bb24px\u00a0\u00bb header_line_height=\u00a0\u00bb1.2em\u00a0\u00bb body_font=\u00a0\u00bb||||||||\u00a0\u00bb body_text_color=\u00a0\u00bb#ffffff\u00a0\u00bb result_message_text_align=\u00a0\u00bbleft\u00a0\u00bb result_message_text_color=\u00a0\u00bb#fffcfc\u00a0\u00bb result_message_font_size=\u00a0\u00bb20px\u00a0\u00bb background_enable_color=\u00a0\u00bboff\u00a0\u00bb use_focus_border_color=\u00a0\u00bbon\u00a0\u00bb custom_button=\u00a0\u00bbon\u00a0\u00bb button_text_size=\u00a0\u00bb20px\u00a0\u00bb button_text_color=\u00a0\u00bb#ffffff\u00a0\u00bb button_bg_color=\u00a0\u00bb#EE852D\u00a0\u00bb button_bg_use_color_gradient=\u00a0\u00bbon\u00a0\u00bb button_bg_color_gradient_stops=\u00a0\u00bb#ee852d 0%|#df6e26 100%\u00a0\u00bb button_border_width=\u00a0\u00bb0px\u00a0\u00bb button_border_radius=\u00a0\u00bb50px\u00a0\u00bb button_font=\u00a0\u00bb&#8211;et_global_heading_font||||||||\u00a0\u00bb button_use_icon=\u00a0\u00bboff\u00a0\u00bb button_custom_padding=\u00a0\u00bb8px||8px||true|false\u00a0\u00bb background_layout=\u00a0\u00bblight\u00a0\u00bb custom_padding=\u00a0\u00bb0px|0px|0px|0px|true|true\u00a0\u00bb custom_padding_tablet=\u00a0\u00bb0px|0px|0px|0px|true|true\u00a0\u00bb custom_padding_phone=\u00a0\u00bb0px|0px|0px|0px|true|true\u00a0\u00bb custom_padding_last_edited=\u00a0\u00bbon|tablet\u00a0\u00bb header_font_size_tablet=\u00a0\u00bb23px\u00a0\u00bb header_font_size_phone=\u00a0\u00bb24px\u00a0\u00bb header_font_size_last_edited=\u00a0\u00bbon|phone\u00a0\u00bb header_line_height_tablet=\u00a0\u00bb1.1em\u00a0\u00bb header_line_height_phone=\u00a0\u00bb1em\u00a0\u00bb header_line_height_last_edited=\u00a0\u00bbon|phone\u00a0\u00bb custom_css_newsletter_title=\u00a0\u00bbpadding-bottom: 10px!important;\u00a0\u00bb border_radii_fields=\u00a0\u00bbon|50px|50px|50px|50px\u00a0\u00bb border_color_all_fields=\u00a0\u00bbRGBA(255,255,255,0)\u00a0\u00bb border_radii_fields_focus=\u00a0\u00bbon|50px|50px|50px|50px\u00a0\u00bb border_width_all_fields_focus=\u00a0\u00bb1px\u00a0\u00bb border_color_all_fields_focus=\u00a0\u00bb#8851A1&Prime; global_colors_info=\u00a0\u00bb{}\u00a0\u00bb button_bg_color__hover_enabled=\u00a0\u00bbon|hover\u00a0\u00bb button_bg_color__hover=\u00a0\u00bb#8851A1&Prime; button_bg_enable_color__hover=\u00a0\u00bbon\u00a0\u00bb][\/et_pb_signup][\/et_pb_column][\/et_pb_row][\/et_pb_section]<\/p>\n","protected":false},"excerpt":{"rendered":"<p><span><span><a href=\"https:\/\/ccndr.ca\/fr\/\">Home<\/a><\/span><\/span>Des rep\u00e8res fiables pour naviguer le changement num\u00e9rique Le Carrefour d\u2019impact num\u00e9rique est le point d\u2019acc\u00e8s s\u00e9lectionn\u00e9 par le Centre canadien pour la r\u00e9silience num\u00e9rique des OBNL (CCRNO) vers des outils, des recherches et des apprentissages fiables li\u00e9s \u00e0 nos axes prioritaires. Les OBNL font face \u00e0 un volume consid\u00e9rable de conseils num\u00e9riques, de plateformes [&hellip;]<\/p>\n","protected":false},"author":2,"featured_media":1346,"parent":0,"menu_order":0,"comment_status":"closed","ping_status":"closed","template":"","meta":{"_et_pb_use_builder":"on","_et_pb_old_content":"","_et_gb_content_width":"","footnotes":""},"class_list":["post-1687","page","type-page","status-publish","has-post-thumbnail","hentry"],"yoast_head":"<!-- This site is optimized with the Yoast SEO plugin v27.3 - https:\/\/yoast.com\/product\/yoast-seo-wordpress\/ -->\n<title>Carrefour d\u2019impact num\u00e9rique | CCRNO<\/title>\n<meta name=\"description\" content=\"Explorez le Carrefour d\u2019impact num\u00e9rique, une collection s\u00e9lectionn\u00e9e d\u2019outils, de recherches et de ressources fiables pour aider les OBNL \u00e0 naviguer le changement num\u00e9rique avec confiance.\" \/>\n<meta name=\"robots\" content=\"noindex, follow, max-snippet:-1, max-image-preview:large, max-video-preview:-1\" \/>\n<meta property=\"og:locale\" content=\"fr_FR\" \/>\n<meta property=\"og:type\" content=\"article\" \/>\n<meta property=\"og:title\" content=\"Carrefour d\u2019impact num\u00e9rique | CCRNO\" \/>\n<meta property=\"og:description\" content=\"Explorez le Carrefour d\u2019impact num\u00e9rique, une collection s\u00e9lectionn\u00e9e d\u2019outils, de recherches et de ressources fiables pour aider les OBNL \u00e0 naviguer le changement num\u00e9rique avec confiance.\" \/>\n<meta property=\"og:url\" content=\"https:\/\/ccndr.ca\/fr\/carrefour-impact-numerique\/\" \/>\n<meta property=\"og:site_name\" content=\"Canadian Centre for Nonprofit Digital Resilience\" \/>\n<meta property=\"article:modified_time\" content=\"2026-04-06T16:11:42+00:00\" \/>\n<meta property=\"og:image\" content=\"https:\/\/ccndr.ca\/wp-content\/uploads\/2026\/02\/Partners_Graphic.png\" \/>\n\t<meta property=\"og:image:width\" content=\"1200\" \/>\n\t<meta property=\"og:image:height\" content=\"1172\" \/>\n\t<meta property=\"og:image:type\" content=\"image\/png\" \/>\n<meta name=\"twitter:card\" content=\"summary_large_image\" \/>\n<meta name=\"twitter:label1\" content=\"Dur\u00e9e de lecture estim\u00e9e\" \/>\n\t<meta name=\"twitter:data1\" content=\"3 minutes\" \/>\n<script type=\"application\/ld+json\" class=\"yoast-schema-graph\">{\"@context\":\"https:\\\/\\\/schema.org\",\"@graph\":[{\"@type\":\"WebPage\",\"@id\":\"https:\\\/\\\/ccndr.ca\\\/fr\\\/carrefour-impact-numerique\\\/\",\"url\":\"https:\\\/\\\/ccndr.ca\\\/fr\\\/carrefour-impact-numerique\\\/\",\"name\":\"Carrefour d\u2019impact num\u00e9rique | CCRNO\",\"isPartOf\":{\"@id\":\"https:\\\/\\\/ccndr.ca\\\/fr\\\/#website\"},\"primaryImageOfPage\":{\"@id\":\"https:\\\/\\\/ccndr.ca\\\/fr\\\/carrefour-impact-numerique\\\/#primaryimage\"},\"image\":{\"@id\":\"https:\\\/\\\/ccndr.ca\\\/fr\\\/carrefour-impact-numerique\\\/#primaryimage\"},\"thumbnailUrl\":\"https:\\\/\\\/ccndr.ca\\\/wp-content\\\/uploads\\\/2026\\\/02\\\/Partners_Graphic.png\",\"datePublished\":\"2026-03-13T16:54:19+00:00\",\"dateModified\":\"2026-04-06T16:11:42+00:00\",\"description\":\"Explorez le Carrefour d\u2019impact num\u00e9rique, une collection s\u00e9lectionn\u00e9e d\u2019outils, de recherches et de ressources fiables pour aider les OBNL \u00e0 naviguer le changement num\u00e9rique avec confiance.\",\"breadcrumb\":{\"@id\":\"https:\\\/\\\/ccndr.ca\\\/fr\\\/carrefour-impact-numerique\\\/#breadcrumb\"},\"inLanguage\":\"fr-FR\",\"potentialAction\":[{\"@type\":\"ReadAction\",\"target\":[\"https:\\\/\\\/ccndr.ca\\\/fr\\\/carrefour-impact-numerique\\\/\"]}]},{\"@type\":\"ImageObject\",\"inLanguage\":\"fr-FR\",\"@id\":\"https:\\\/\\\/ccndr.ca\\\/fr\\\/carrefour-impact-numerique\\\/#primaryimage\",\"url\":\"https:\\\/\\\/ccndr.ca\\\/wp-content\\\/uploads\\\/2026\\\/02\\\/Partners_Graphic.png\",\"contentUrl\":\"https:\\\/\\\/ccndr.ca\\\/wp-content\\\/uploads\\\/2026\\\/02\\\/Partners_Graphic.png\",\"width\":1200,\"height\":1172,\"caption\":\"Funders & Partners\"},{\"@type\":\"BreadcrumbList\",\"@id\":\"https:\\\/\\\/ccndr.ca\\\/fr\\\/carrefour-impact-numerique\\\/#breadcrumb\",\"itemListElement\":[{\"@type\":\"ListItem\",\"position\":1,\"name\":\"Home\",\"item\":\"https:\\\/\\\/ccndr.ca\\\/fr\\\/\"},{\"@type\":\"ListItem\",\"position\":2,\"name\":\"Carrefour d\u2019impact num\u00e9rique\"}]},{\"@type\":\"WebSite\",\"@id\":\"https:\\\/\\\/ccndr.ca\\\/fr\\\/#website\",\"url\":\"https:\\\/\\\/ccndr.ca\\\/fr\\\/\",\"name\":\"Canadian Centre for Nonprofit Digital Resilience\",\"description\":\"Helping nonprofits use data and tech to strengthen their missions and community impact.\",\"alternateName\":\"CCNDR\",\"potentialAction\":[{\"@type\":\"SearchAction\",\"target\":{\"@type\":\"EntryPoint\",\"urlTemplate\":\"https:\\\/\\\/ccndr.ca\\\/fr\\\/?s={search_term_string}\"},\"query-input\":{\"@type\":\"PropertyValueSpecification\",\"valueRequired\":true,\"valueName\":\"search_term_string\"}}],\"inLanguage\":\"fr-FR\"}]}<\/script>\n<!-- \/ Yoast SEO plugin. -->","yoast_head_json":{"title":"Carrefour d\u2019impact num\u00e9rique | CCRNO","description":"Explorez le Carrefour d\u2019impact num\u00e9rique, une collection s\u00e9lectionn\u00e9e d\u2019outils, de recherches et de ressources fiables pour aider les OBNL \u00e0 naviguer le changement num\u00e9rique avec confiance.","robots":{"index":"noindex","follow":"follow","max-snippet":"max-snippet:-1","max-image-preview":"max-image-preview:large","max-video-preview":"max-video-preview:-1"},"og_locale":"fr_FR","og_type":"article","og_title":"Carrefour d\u2019impact num\u00e9rique | CCRNO","og_description":"Explorez le Carrefour d\u2019impact num\u00e9rique, une collection s\u00e9lectionn\u00e9e d\u2019outils, de recherches et de ressources fiables pour aider les OBNL \u00e0 naviguer le changement num\u00e9rique avec confiance.","og_url":"https:\/\/ccndr.ca\/fr\/carrefour-impact-numerique\/","og_site_name":"Canadian Centre for Nonprofit Digital Resilience","article_modified_time":"2026-04-06T16:11:42+00:00","og_image":[{"width":1200,"height":1172,"url":"https:\/\/ccndr.ca\/wp-content\/uploads\/2026\/02\/Partners_Graphic.png","type":"image\/png"}],"twitter_card":"summary_large_image","twitter_misc":{"Dur\u00e9e de lecture estim\u00e9e":"3 minutes"},"schema":{"@context":"https:\/\/schema.org","@graph":[{"@type":"WebPage","@id":"https:\/\/ccndr.ca\/fr\/carrefour-impact-numerique\/","url":"https:\/\/ccndr.ca\/fr\/carrefour-impact-numerique\/","name":"Carrefour d\u2019impact num\u00e9rique | CCRNO","isPartOf":{"@id":"https:\/\/ccndr.ca\/fr\/#website"},"primaryImageOfPage":{"@id":"https:\/\/ccndr.ca\/fr\/carrefour-impact-numerique\/#primaryimage"},"image":{"@id":"https:\/\/ccndr.ca\/fr\/carrefour-impact-numerique\/#primaryimage"},"thumbnailUrl":"https:\/\/ccndr.ca\/wp-content\/uploads\/2026\/02\/Partners_Graphic.png","datePublished":"2026-03-13T16:54:19+00:00","dateModified":"2026-04-06T16:11:42+00:00","description":"Explorez le Carrefour d\u2019impact num\u00e9rique, une collection s\u00e9lectionn\u00e9e d\u2019outils, de recherches et de ressources fiables pour aider les OBNL \u00e0 naviguer le changement num\u00e9rique avec confiance.","breadcrumb":{"@id":"https:\/\/ccndr.ca\/fr\/carrefour-impact-numerique\/#breadcrumb"},"inLanguage":"fr-FR","potentialAction":[{"@type":"ReadAction","target":["https:\/\/ccndr.ca\/fr\/carrefour-impact-numerique\/"]}]},{"@type":"ImageObject","inLanguage":"fr-FR","@id":"https:\/\/ccndr.ca\/fr\/carrefour-impact-numerique\/#primaryimage","url":"https:\/\/ccndr.ca\/wp-content\/uploads\/2026\/02\/Partners_Graphic.png","contentUrl":"https:\/\/ccndr.ca\/wp-content\/uploads\/2026\/02\/Partners_Graphic.png","width":1200,"height":1172,"caption":"Funders & Partners"},{"@type":"BreadcrumbList","@id":"https:\/\/ccndr.ca\/fr\/carrefour-impact-numerique\/#breadcrumb","itemListElement":[{"@type":"ListItem","position":1,"name":"Home","item":"https:\/\/ccndr.ca\/fr\/"},{"@type":"ListItem","position":2,"name":"Carrefour d\u2019impact num\u00e9rique"}]},{"@type":"WebSite","@id":"https:\/\/ccndr.ca\/fr\/#website","url":"https:\/\/ccndr.ca\/fr\/","name":"Canadian Centre for Nonprofit Digital Resilience","description":"Helping nonprofits use data and tech to strengthen their missions and community impact.","alternateName":"CCNDR","potentialAction":[{"@type":"SearchAction","target":{"@type":"EntryPoint","urlTemplate":"https:\/\/ccndr.ca\/fr\/?s={search_term_string}"},"query-input":{"@type":"PropertyValueSpecification","valueRequired":true,"valueName":"search_term_string"}}],"inLanguage":"fr-FR"}]}},"_links":{"self":[{"href":"https:\/\/ccndr.ca\/fr\/wp-json\/wp\/v2\/pages\/1687","targetHints":{"allow":["GET"]}}],"collection":[{"href":"https:\/\/ccndr.ca\/fr\/wp-json\/wp\/v2\/pages"}],"about":[{"href":"https:\/\/ccndr.ca\/fr\/wp-json\/wp\/v2\/types\/page"}],"author":[{"embeddable":true,"href":"https:\/\/ccndr.ca\/fr\/wp-json\/wp\/v2\/users\/2"}],"replies":[{"embeddable":true,"href":"https:\/\/ccndr.ca\/fr\/wp-json\/wp\/v2\/comments?post=1687"}],"version-history":[{"count":0,"href":"https:\/\/ccndr.ca\/fr\/wp-json\/wp\/v2\/pages\/1687\/revisions"}],"wp:featuredmedia":[{"embeddable":true,"href":"https:\/\/ccndr.ca\/fr\/wp-json\/wp\/v2\/media\/1346"}],"wp:attachment":[{"href":"https:\/\/ccndr.ca\/fr\/wp-json\/wp\/v2\/media?parent=1687"}],"curies":[{"name":"wp","href":"https:\/\/api.w.org\/{rel}","templated":true}]}}